{"id":8858,"date":"2025-03-19T17:06:47","date_gmt":"2025-03-19T16:06:47","guid":{"rendered":"https:\/\/henry-marionnet.com\/?post_type=product&#038;p=8858"},"modified":"2026-04-13T11:17:33","modified_gmt":"2026-04-13T10:17:33","slug":"chenin-domaine-de-la-charmoise","status":"publish","type":"product","link":"https:\/\/henry-marionnet.com\/en\/products\/chenin-domaine-de-la-charmoise\/","title":{"rendered":"Chenin Domaine de la Charmoise"},"content":{"rendered":"<p>Vieilles vignes de chenin, cultiv\u00e9es sur un tr\u00e8s joli terroir d\u2019argile \u00e0 silex expos\u00e9 plein sud.<\/p>\n<p>Vin blanc sec et min\u00e9ral \u00e0 la robe limpide et brillante.<\/p>\n<p>Nez aux notes de fruits blancs et citronn\u00e9es, qui r\u00e9v\u00e8le progressivement une d\u00e9licate min\u00e9ralit\u00e9.<\/p>\n<p>La bouche s\u2019\u00e9quilibre entre une belle fra\u00eecheur et un fruit charnu<\/p>","protected":false},"excerpt":{"rendered":"<p>Vieilles vignes de chenin, cultiv\u00e9es sur un tr\u00e8s joli terroir d\u2019argile \u00e0 silex expos\u00e9 plein sud.<\/p>\n<p>Vin blanc sec et min\u00e9ral \u00e0 la robe limpide et brillante.<\/p>","protected":false},"featured_media":8888,"comment_status":"open","ping_status":"closed","template":"","meta":{"inline_featured_image":false},"product_cat":[54],"product_tag":[93,92,78,65],"class_list":{"0":"post-8858","1":"product","2":"type-product","3":"status-publish","4":"has-post-thumbnail","6":"product_cat-cuvees-gourmandes","7":"product_tag-agriculture-biologiques","8":"product_tag-chenin","9":"product_tag-igp-val-de-loire","10":"product_tag-vins-blancs","12":"first","13":"instock","14":"taxable","15":"shipping-taxable","16":"purchasable","17":"product-type-variable","18":"has-default-attributes"},"yoast_head":"<!-- This site is optimized with the Yoast SEO plugin v27.4 - https:\/\/yoast.com\/product\/yoast-seo-wordpress\/ -->\n<title>Chenin Domaine de la Charmoise - Henry Marionnet<\/title>\n<meta name=\"description\" content=\"Vieilles vignes de chenin, cultiv\u00e9es sur un tr\u00e8s joli terroir d\u2019argile \u00e0 silex expos\u00e9 plein sud.  Vin blanc sec et min\u00e9ral \u00e0 la robe limpide et brillante.\" \/>\n<meta name=\"robots\" content=\"index, follow, max-snippet:-1, max-image-preview:large, max-video-preview:-1\" \/>\n<link rel=\"canonical\" href=\"https:\/\/henry-marionnet.com\/en\/products\/chenin-domaine-de-la-charmoise\/\" \/>\n<meta property=\"og:locale\" content=\"en_US\" \/>\n<meta property=\"og:type\" content=\"article\" \/>\n<meta property=\"og:title\" content=\"Chenin Domaine de la Charmoise - Henry Marionnet\" \/>\n<meta property=\"og:description\" content=\"Vieilles vignes de chenin, cultiv\u00e9es sur un tr\u00e8s joli terroir d\u2019argile \u00e0 silex expos\u00e9 plein sud.  Vin blanc sec et min\u00e9ral \u00e0 la robe limpide et brillante.\" \/>\n<meta property=\"og:url\" content=\"https:\/\/henry-marionnet.com\/en\/products\/chenin-domaine-de-la-charmoise\/\" \/>\n<meta property=\"og:site_name\" content=\"Henry Marionnet\" \/>\n<meta property=\"article:publisher\" content=\"https:\/\/www.facebook.com\/HenryMarionnet\/\" \/>\n<meta property=\"article:modified_time\" content=\"2026-04-13T10:17:33+00:00\" \/>\n<meta property=\"og:image\" content=\"https:\/\/henry-marionnet.com\/wp-content\/uploads\/2025\/03\/chenin-1-1024x1024.png\" \/>\n\t<meta property=\"og:image:width\" content=\"1024\" \/>\n\t<meta property=\"og:image:height\" content=\"1024\" \/>\n\t<meta property=\"og:image:type\" content=\"image\/png\" \/>\n<meta name=\"twitter:card\" content=\"summary_large_image\" \/>\n<meta name=\"twitter:label1\" content=\"Est. reading time\" \/>\n\t<meta name=\"twitter:data1\" content=\"1 minute\" \/>\n<script type=\"application\/ld+json\" class=\"yoast-schema-graph\">{\"@context\":\"https:\\\/\\\/schema.org\",\"@graph\":[{\"@type\":\"WebPage\",\"@id\":\"https:\\\/\\\/henry-marionnet.com\\\/products\\\/chenin-domaine-de-la-charmoise\\\/\",\"url\":\"https:\\\/\\\/henry-marionnet.com\\\/products\\\/chenin-domaine-de-la-charmoise\\\/\",\"name\":\"Chenin Domaine de la Charmoise - Henry Marionnet\",\"isPartOf\":{\"@id\":\"https:\\\/\\\/henry-marionnet.com\\\/#website\"},\"primaryImageOfPage\":{\"@id\":\"https:\\\/\\\/henry-marionnet.com\\\/products\\\/chenin-domaine-de-la-charmoise\\\/#primaryimage\"},\"image\":{\"@id\":\"https:\\\/\\\/henry-marionnet.com\\\/products\\\/chenin-domaine-de-la-charmoise\\\/#primaryimage\"},\"thumbnailUrl\":\"https:\\\/\\\/henry-marionnet.com\\\/wp-content\\\/uploads\\\/2025\\\/03\\\/chenin-1.png\",\"datePublished\":\"2025-03-19T16:06:47+00:00\",\"dateModified\":\"2026-04-13T10:17:33+00:00\",\"description\":\"Vieilles vignes de chenin, cultiv\u00e9es sur un tr\u00e8s joli terroir d\u2019argile \u00e0 silex expos\u00e9 plein sud. Vin blanc sec et min\u00e9ral \u00e0 la robe limpide et brillante.\",\"breadcrumb\":{\"@id\":\"https:\\\/\\\/henry-marionnet.com\\\/products\\\/chenin-domaine-de-la-charmoise\\\/#breadcrumb\"},\"inLanguage\":\"en-US\",\"potentialAction\":[{\"@type\":\"ReadAction\",\"target\":[\"https:\\\/\\\/henry-marionnet.com\\\/products\\\/chenin-domaine-de-la-charmoise\\\/\"]}]},{\"@type\":\"ImageObject\",\"inLanguage\":\"en-US\",\"@id\":\"https:\\\/\\\/henry-marionnet.com\\\/products\\\/chenin-domaine-de-la-charmoise\\\/#primaryimage\",\"url\":\"https:\\\/\\\/henry-marionnet.com\\\/wp-content\\\/uploads\\\/2025\\\/03\\\/chenin-1.png\",\"contentUrl\":\"https:\\\/\\\/henry-marionnet.com\\\/wp-content\\\/uploads\\\/2025\\\/03\\\/chenin-1.png\",\"width\":3063,\"height\":3063},{\"@type\":\"BreadcrumbList\",\"@id\":\"https:\\\/\\\/henry-marionnet.com\\\/products\\\/chenin-domaine-de-la-charmoise\\\/#breadcrumb\",\"itemListElement\":[{\"@type\":\"ListItem\",\"position\":1,\"name\":\"Accueil\",\"item\":\"https:\\\/\\\/henry-marionnet.com\\\/\"},{\"@type\":\"ListItem\",\"position\":2,\"name\":\"Acheter\",\"item\":\"https:\\\/\\\/henry-marionnet.com\\\/acheter\\\/\"},{\"@type\":\"ListItem\",\"position\":3,\"name\":\"Chenin Domaine de la Charmoise\"}]},{\"@type\":\"WebSite\",\"@id\":\"https:\\\/\\\/henry-marionnet.com\\\/#website\",\"url\":\"https:\\\/\\\/henry-marionnet.com\\\/\",\"name\":\"Henry Marionnet\",\"description\":\"Vins du Domaine de la Charmoise\",\"publisher\":{\"@id\":\"https:\\\/\\\/henry-marionnet.com\\\/#organization\"},\"potentialAction\":[{\"@type\":\"SearchAction\",\"target\":{\"@type\":\"EntryPoint\",\"urlTemplate\":\"https:\\\/\\\/henry-marionnet.com\\\/?s={search_term_string}\"},\"query-input\":{\"@type\":\"PropertyValueSpecification\",\"valueRequired\":true,\"valueName\":\"search_term_string\"}}],\"inLanguage\":\"en-US\"},{\"@type\":\"Organization\",\"@id\":\"https:\\\/\\\/henry-marionnet.com\\\/#organization\",\"name\":\"Henry Marionnet\",\"url\":\"https:\\\/\\\/henry-marionnet.com\\\/\",\"logo\":{\"@type\":\"ImageObject\",\"inLanguage\":\"en-US\",\"@id\":\"https:\\\/\\\/henry-marionnet.com\\\/#\\\/schema\\\/logo\\\/image\\\/\",\"url\":\"https:\\\/\\\/henry-marionnet.com\\\/wp-content\\\/uploads\\\/2022\\\/07\\\/Logo-Henry-Marionnet.svg\",\"contentUrl\":\"https:\\\/\\\/henry-marionnet.com\\\/wp-content\\\/uploads\\\/2022\\\/07\\\/Logo-Henry-Marionnet.svg\",\"width\":265,\"height\":191,\"caption\":\"Henry Marionnet\"},\"image\":{\"@id\":\"https:\\\/\\\/henry-marionnet.com\\\/#\\\/schema\\\/logo\\\/image\\\/\"},\"sameAs\":[\"https:\\\/\\\/www.facebook.com\\\/HenryMarionnet\\\/\",\"https:\\\/\\\/www.instagram.com\\\/henrymarionnet\\\/\"]}]}<\/script>\n<!-- \/ Yoast SEO plugin. -->","yoast_head_json":{"title":"Chenin Domaine de la Charmoise - Henry Marionnet","description":"Vieilles vignes de chenin, cultiv\u00e9es sur un tr\u00e8s joli terroir d\u2019argile \u00e0 silex expos\u00e9 plein sud.  Vin blanc sec et min\u00e9ral \u00e0 la robe limpide et brillante.","robots":{"index":"index","follow":"follow","max-snippet":"max-snippet:-1","max-image-preview":"max-image-preview:large","max-video-preview":"max-video-preview:-1"},"canonical":"https:\/\/henry-marionnet.com\/en\/products\/chenin-domaine-de-la-charmoise\/","og_locale":"en_US","og_type":"article","og_title":"Chenin Domaine de la Charmoise - Henry Marionnet","og_description":"Vieilles vignes de chenin, cultiv\u00e9es sur un tr\u00e8s joli terroir d\u2019argile \u00e0 silex expos\u00e9 plein sud.  Vin blanc sec et min\u00e9ral \u00e0 la robe limpide et brillante.","og_url":"https:\/\/henry-marionnet.com\/en\/products\/chenin-domaine-de-la-charmoise\/","og_site_name":"Henry Marionnet","article_publisher":"https:\/\/www.facebook.com\/HenryMarionnet\/","article_modified_time":"2026-04-13T10:17:33+00:00","og_image":[{"width":1024,"height":1024,"url":"https:\/\/henry-marionnet.com\/wp-content\/uploads\/2025\/03\/chenin-1-1024x1024.png","type":"image\/png"}],"twitter_card":"summary_large_image","twitter_misc":{"Est. reading time":"1 minute"},"schema":{"@context":"https:\/\/schema.org","@graph":[{"@type":"WebPage","@id":"https:\/\/henry-marionnet.com\/products\/chenin-domaine-de-la-charmoise\/","url":"https:\/\/henry-marionnet.com\/products\/chenin-domaine-de-la-charmoise\/","name":"Chenin Domaine de la Charmoise - Henry Marionnet","isPartOf":{"@id":"https:\/\/henry-marionnet.com\/#website"},"primaryImageOfPage":{"@id":"https:\/\/henry-marionnet.com\/products\/chenin-domaine-de-la-charmoise\/#primaryimage"},"image":{"@id":"https:\/\/henry-marionnet.com\/products\/chenin-domaine-de-la-charmoise\/#primaryimage"},"thumbnailUrl":"https:\/\/henry-marionnet.com\/wp-content\/uploads\/2025\/03\/chenin-1.png","datePublished":"2025-03-19T16:06:47+00:00","dateModified":"2026-04-13T10:17:33+00:00","description":"Vieilles vignes de chenin, cultiv\u00e9es sur un tr\u00e8s joli terroir d\u2019argile \u00e0 silex expos\u00e9 plein sud. Vin blanc sec et min\u00e9ral \u00e0 la robe limpide et brillante.","breadcrumb":{"@id":"https:\/\/henry-marionnet.com\/products\/chenin-domaine-de-la-charmoise\/#breadcrumb"},"inLanguage":"en-US","potentialAction":[{"@type":"ReadAction","target":["https:\/\/henry-marionnet.com\/products\/chenin-domaine-de-la-charmoise\/"]}]},{"@type":"ImageObject","inLanguage":"en-US","@id":"https:\/\/henry-marionnet.com\/products\/chenin-domaine-de-la-charmoise\/#primaryimage","url":"https:\/\/henry-marionnet.com\/wp-content\/uploads\/2025\/03\/chenin-1.png","contentUrl":"https:\/\/henry-marionnet.com\/wp-content\/uploads\/2025\/03\/chenin-1.png","width":3063,"height":3063},{"@type":"BreadcrumbList","@id":"https:\/\/henry-marionnet.com\/products\/chenin-domaine-de-la-charmoise\/#breadcrumb","itemListElement":[{"@type":"ListItem","position":1,"name":"Accueil","item":"https:\/\/henry-marionnet.com\/"},{"@type":"ListItem","position":2,"name":"Acheter","item":"https:\/\/henry-marionnet.com\/acheter\/"},{"@type":"ListItem","position":3,"name":"Chenin Domaine de la Charmoise"}]},{"@type":"WebSite","@id":"https:\/\/henry-marionnet.com\/#website","url":"https:\/\/henry-marionnet.com\/","name":"Henry Marionnet","description":"Vins du Domaine de la Charmoise","publisher":{"@id":"https:\/\/henry-marionnet.com\/#organization"},"potentialAction":[{"@type":"SearchAction","target":{"@type":"EntryPoint","urlTemplate":"https:\/\/henry-marionnet.com\/?s={search_term_string}"},"query-input":{"@type":"PropertyValueSpecification","valueRequired":true,"valueName":"search_term_string"}}],"inLanguage":"en-US"},{"@type":"Organization","@id":"https:\/\/henry-marionnet.com\/#organization","name":"Henry Marionnet","url":"https:\/\/henry-marionnet.com\/","logo":{"@type":"ImageObject","inLanguage":"en-US","@id":"https:\/\/henry-marionnet.com\/#\/schema\/logo\/image\/","url":"https:\/\/henry-marionnet.com\/wp-content\/uploads\/2022\/07\/Logo-Henry-Marionnet.svg","contentUrl":"https:\/\/henry-marionnet.com\/wp-content\/uploads\/2022\/07\/Logo-Henry-Marionnet.svg","width":265,"height":191,"caption":"Henry Marionnet"},"image":{"@id":"https:\/\/henry-marionnet.com\/#\/schema\/logo\/image\/"},"sameAs":["https:\/\/www.facebook.com\/HenryMarionnet\/","https:\/\/www.instagram.com\/henrymarionnet\/"]}]}},"_links":{"self":[{"href":"https:\/\/henry-marionnet.com\/en\/wp-json\/wp\/v2\/product\/8858","targetHints":{"allow":["GET"]}}],"collection":[{"href":"https:\/\/henry-marionnet.com\/en\/wp-json\/wp\/v2\/product"}],"about":[{"href":"https:\/\/henry-marionnet.com\/en\/wp-json\/wp\/v2\/types\/product"}],"replies":[{"embeddable":true,"href":"https:\/\/henry-marionnet.com\/en\/wp-json\/wp\/v2\/comments?post=8858"}],"wp:featuredmedia":[{"embeddable":true,"href":"https:\/\/henry-marionnet.com\/en\/wp-json\/wp\/v2\/media\/8888"}],"wp:attachment":[{"href":"https:\/\/henry-marionnet.com\/en\/wp-json\/wp\/v2\/media?parent=8858"}],"wp:term":[{"taxonomy":"product_cat","embeddable":true,"href":"https:\/\/henry-marionnet.com\/en\/wp-json\/wp\/v2\/product_cat?post=8858"},{"taxonomy":"product_tag","embeddable":true,"href":"https:\/\/henry-marionnet.com\/en\/wp-json\/wp\/v2\/product_tag?post=8858"}],"curies":[{"name":"wp","href":"https:\/\/api.w.org\/{rel}","templated":true}]}}