{"id":8017,"date":"2023-03-20T14:18:12","date_gmt":"2023-03-20T13:18:12","guid":{"rendered":"https:\/\/henry-marionnet.com\/?post_type=product&#038;p=8017"},"modified":"2026-04-13T11:17:51","modified_gmt":"2026-04-13T10:17:51","slug":"domaine-de-la-charmoise-rose","status":"publish","type":"product","link":"https:\/\/henry-marionnet.com\/en\/products\/domaine-de-la-charmoise-rose\/","title":{"rendered":"Ros\u00e9 Domaine de la Charmoise"},"content":{"rendered":"<p><strong>C&rsquo;est un vin de plaisir<\/strong>, qui se boit frais (comme un blanc) que l&rsquo;on peut servir \u00e0 l&rsquo;ap\u00e9ritif au cours des belles journ\u00e9es d&rsquo;\u00e9t\u00e9, et il est le parfait compagnon de tout un repas.<\/p>\n<p>Sa finesse et son \u00e9l\u00e9gance se marient parfaitement avec tous les plats, dans une parfaite pl\u00e9nitude.<\/p>","protected":false},"excerpt":{"rendered":"<p>C&rsquo;est un vin de plaisir, qui se boit frais (comme un blanc) que l&rsquo;on peut servir \u00e0 l&rsquo;ap\u00e9ritif au cours des belles journ\u00e9es d&rsquo;\u00e9t\u00e9, et il est le parfait compagnon de tout un repas. Sa finesse et son \u00e9l\u00e9gance se marient parfaitement avec tous les plats, dans une parfaite pl\u00e9nitude.<\/p>","protected":false},"featured_media":8024,"comment_status":"open","ping_status":"closed","template":"","meta":{"inline_featured_image":false},"product_cat":[54],"product_tag":[70,41,71],"class_list":{"0":"post-8017","1":"product","2":"type-product","3":"status-publish","4":"has-post-thumbnail","6":"product_cat-cuvees-gourmandes","7":"product_tag-agriculture-biologique","8":"product_tag-rose","9":"product_tag-touraine-aoc","11":"first","12":"instock","13":"taxable","14":"shipping-taxable","15":"purchasable","16":"product-type-variable","17":"has-default-attributes"},"yoast_head":"<!-- This site is optimized with the Yoast SEO plugin v27.5 - https:\/\/yoast.com\/product\/yoast-seo-wordpress\/ -->\n<title>Ros\u00e9 Domaine de la Charmoise - Henry Marionnet<\/title>\n<meta name=\"description\" content=\"C&#039;est un vin de plaisir, qui se boit frais (comme un blanc) que l&#039;on peut servir \u00e0 l&#039;ap\u00e9ritif au cours des belles journ\u00e9es d&#039;\u00e9t\u00e9, et il est le parfait\" \/>\n<meta name=\"robots\" content=\"index, follow, max-snippet:-1, max-image-preview:large, max-video-preview:-1\" \/>\n<link rel=\"canonical\" href=\"https:\/\/henry-marionnet.com\/en\/products\/domaine-de-la-charmoise-rose\/\" \/>\n<meta property=\"og:locale\" content=\"en_US\" \/>\n<meta property=\"og:type\" content=\"article\" \/>\n<meta property=\"og:title\" content=\"Ros\u00e9 Domaine de la Charmoise - Henry Marionnet\" \/>\n<meta property=\"og:description\" content=\"C&#039;est un vin de plaisir, qui se boit frais (comme un blanc) que l&#039;on peut servir \u00e0 l&#039;ap\u00e9ritif au cours des belles journ\u00e9es d&#039;\u00e9t\u00e9, et il est le parfait\" \/>\n<meta property=\"og:url\" content=\"https:\/\/henry-marionnet.com\/en\/products\/domaine-de-la-charmoise-rose\/\" \/>\n<meta property=\"og:site_name\" content=\"Henry Marionnet\" \/>\n<meta property=\"article:publisher\" content=\"https:\/\/www.facebook.com\/HenryMarionnet\/\" \/>\n<meta property=\"article:modified_time\" content=\"2026-04-13T10:17:51+00:00\" \/>\n<meta property=\"og:image\" content=\"https:\/\/henry-marionnet.com\/wp-content\/uploads\/2023\/03\/henry-marionnet-blanc-1024x1024.png\" \/>\n\t<meta property=\"og:image:width\" content=\"1024\" \/>\n\t<meta property=\"og:image:height\" content=\"1024\" \/>\n\t<meta property=\"og:image:type\" content=\"image\/png\" \/>\n<meta name=\"twitter:card\" content=\"summary_large_image\" \/>\n<meta name=\"twitter:label1\" content=\"Est. reading time\" \/>\n\t<meta name=\"twitter:data1\" content=\"1 minute\" \/>\n<script type=\"application\/ld+json\" class=\"yoast-schema-graph\">{\"@context\":\"https:\\\/\\\/schema.org\",\"@graph\":[{\"@type\":\"WebPage\",\"@id\":\"https:\\\/\\\/henry-marionnet.com\\\/products\\\/domaine-de-la-charmoise-rose\\\/\",\"url\":\"https:\\\/\\\/henry-marionnet.com\\\/products\\\/domaine-de-la-charmoise-rose\\\/\",\"name\":\"Ros\u00e9 Domaine de la Charmoise - Henry Marionnet\",\"isPartOf\":{\"@id\":\"https:\\\/\\\/henry-marionnet.com\\\/#website\"},\"primaryImageOfPage\":{\"@id\":\"https:\\\/\\\/henry-marionnet.com\\\/products\\\/domaine-de-la-charmoise-rose\\\/#primaryimage\"},\"image\":{\"@id\":\"https:\\\/\\\/henry-marionnet.com\\\/products\\\/domaine-de-la-charmoise-rose\\\/#primaryimage\"},\"thumbnailUrl\":\"https:\\\/\\\/henry-marionnet.com\\\/wp-content\\\/uploads\\\/2023\\\/03\\\/henry-marionnet-blanc.png\",\"datePublished\":\"2023-03-20T13:18:12+00:00\",\"dateModified\":\"2026-04-13T10:17:51+00:00\",\"description\":\"C'est un vin de plaisir, qui se boit frais (comme un blanc) que l'on peut servir \u00e0 l'ap\u00e9ritif au cours des belles journ\u00e9es d'\u00e9t\u00e9, et il est le parfait\",\"breadcrumb\":{\"@id\":\"https:\\\/\\\/henry-marionnet.com\\\/products\\\/domaine-de-la-charmoise-rose\\\/#breadcrumb\"},\"inLanguage\":\"en-US\",\"potentialAction\":[{\"@type\":\"ReadAction\",\"target\":[\"https:\\\/\\\/henry-marionnet.com\\\/products\\\/domaine-de-la-charmoise-rose\\\/\"]}]},{\"@type\":\"ImageObject\",\"inLanguage\":\"en-US\",\"@id\":\"https:\\\/\\\/henry-marionnet.com\\\/products\\\/domaine-de-la-charmoise-rose\\\/#primaryimage\",\"url\":\"https:\\\/\\\/henry-marionnet.com\\\/wp-content\\\/uploads\\\/2023\\\/03\\\/henry-marionnet-blanc.png\",\"contentUrl\":\"https:\\\/\\\/henry-marionnet.com\\\/wp-content\\\/uploads\\\/2023\\\/03\\\/henry-marionnet-blanc.png\",\"width\":3063,\"height\":3063},{\"@type\":\"BreadcrumbList\",\"@id\":\"https:\\\/\\\/henry-marionnet.com\\\/products\\\/domaine-de-la-charmoise-rose\\\/#breadcrumb\",\"itemListElement\":[{\"@type\":\"ListItem\",\"position\":1,\"name\":\"Accueil\",\"item\":\"https:\\\/\\\/henry-marionnet.com\\\/\"},{\"@type\":\"ListItem\",\"position\":2,\"name\":\"Acheter\",\"item\":\"https:\\\/\\\/henry-marionnet.com\\\/acheter\\\/\"},{\"@type\":\"ListItem\",\"position\":3,\"name\":\"Ros\u00e9 Domaine de la Charmoise\"}]},{\"@type\":\"WebSite\",\"@id\":\"https:\\\/\\\/henry-marionnet.com\\\/#website\",\"url\":\"https:\\\/\\\/henry-marionnet.com\\\/\",\"name\":\"Henry Marionnet\",\"description\":\"Vins du Domaine de la Charmoise\",\"publisher\":{\"@id\":\"https:\\\/\\\/henry-marionnet.com\\\/#organization\"},\"potentialAction\":[{\"@type\":\"SearchAction\",\"target\":{\"@type\":\"EntryPoint\",\"urlTemplate\":\"https:\\\/\\\/henry-marionnet.com\\\/?s={search_term_string}\"},\"query-input\":{\"@type\":\"PropertyValueSpecification\",\"valueRequired\":true,\"valueName\":\"search_term_string\"}}],\"inLanguage\":\"en-US\"},{\"@type\":\"Organization\",\"@id\":\"https:\\\/\\\/henry-marionnet.com\\\/#organization\",\"name\":\"Henry Marionnet\",\"url\":\"https:\\\/\\\/henry-marionnet.com\\\/\",\"logo\":{\"@type\":\"ImageObject\",\"inLanguage\":\"en-US\",\"@id\":\"https:\\\/\\\/henry-marionnet.com\\\/#\\\/schema\\\/logo\\\/image\\\/\",\"url\":\"https:\\\/\\\/henry-marionnet.com\\\/wp-content\\\/uploads\\\/2022\\\/07\\\/Logo-Henry-Marionnet.svg\",\"contentUrl\":\"https:\\\/\\\/henry-marionnet.com\\\/wp-content\\\/uploads\\\/2022\\\/07\\\/Logo-Henry-Marionnet.svg\",\"width\":265,\"height\":191,\"caption\":\"Henry Marionnet\"},\"image\":{\"@id\":\"https:\\\/\\\/henry-marionnet.com\\\/#\\\/schema\\\/logo\\\/image\\\/\"},\"sameAs\":[\"https:\\\/\\\/www.facebook.com\\\/HenryMarionnet\\\/\",\"https:\\\/\\\/www.instagram.com\\\/henrymarionnet\\\/\"]}]}<\/script>\n<!-- \/ Yoast SEO plugin. -->","yoast_head_json":{"title":"Ros\u00e9 Domaine de la Charmoise - Henry Marionnet","description":"C'est un vin de plaisir, qui se boit frais (comme un blanc) que l'on peut servir \u00e0 l'ap\u00e9ritif au cours des belles journ\u00e9es d'\u00e9t\u00e9, et il est le parfait","robots":{"index":"index","follow":"follow","max-snippet":"max-snippet:-1","max-image-preview":"max-image-preview:large","max-video-preview":"max-video-preview:-1"},"canonical":"https:\/\/henry-marionnet.com\/en\/products\/domaine-de-la-charmoise-rose\/","og_locale":"en_US","og_type":"article","og_title":"Ros\u00e9 Domaine de la Charmoise - Henry Marionnet","og_description":"C'est un vin de plaisir, qui se boit frais (comme un blanc) que l'on peut servir \u00e0 l'ap\u00e9ritif au cours des belles journ\u00e9es d'\u00e9t\u00e9, et il est le parfait","og_url":"https:\/\/henry-marionnet.com\/en\/products\/domaine-de-la-charmoise-rose\/","og_site_name":"Henry Marionnet","article_publisher":"https:\/\/www.facebook.com\/HenryMarionnet\/","article_modified_time":"2026-04-13T10:17:51+00:00","og_image":[{"width":1024,"height":1024,"url":"https:\/\/henry-marionnet.com\/wp-content\/uploads\/2023\/03\/henry-marionnet-blanc-1024x1024.png","type":"image\/png"}],"twitter_card":"summary_large_image","twitter_misc":{"Est. reading time":"1 minute"},"schema":{"@context":"https:\/\/schema.org","@graph":[{"@type":"WebPage","@id":"https:\/\/henry-marionnet.com\/products\/domaine-de-la-charmoise-rose\/","url":"https:\/\/henry-marionnet.com\/products\/domaine-de-la-charmoise-rose\/","name":"Ros\u00e9 Domaine de la Charmoise - Henry Marionnet","isPartOf":{"@id":"https:\/\/henry-marionnet.com\/#website"},"primaryImageOfPage":{"@id":"https:\/\/henry-marionnet.com\/products\/domaine-de-la-charmoise-rose\/#primaryimage"},"image":{"@id":"https:\/\/henry-marionnet.com\/products\/domaine-de-la-charmoise-rose\/#primaryimage"},"thumbnailUrl":"https:\/\/henry-marionnet.com\/wp-content\/uploads\/2023\/03\/henry-marionnet-blanc.png","datePublished":"2023-03-20T13:18:12+00:00","dateModified":"2026-04-13T10:17:51+00:00","description":"C'est un vin de plaisir, qui se boit frais (comme un blanc) que l'on peut servir \u00e0 l'ap\u00e9ritif au cours des belles journ\u00e9es d'\u00e9t\u00e9, et il est le parfait","breadcrumb":{"@id":"https:\/\/henry-marionnet.com\/products\/domaine-de-la-charmoise-rose\/#breadcrumb"},"inLanguage":"en-US","potentialAction":[{"@type":"ReadAction","target":["https:\/\/henry-marionnet.com\/products\/domaine-de-la-charmoise-rose\/"]}]},{"@type":"ImageObject","inLanguage":"en-US","@id":"https:\/\/henry-marionnet.com\/products\/domaine-de-la-charmoise-rose\/#primaryimage","url":"https:\/\/henry-marionnet.com\/wp-content\/uploads\/2023\/03\/henry-marionnet-blanc.png","contentUrl":"https:\/\/henry-marionnet.com\/wp-content\/uploads\/2023\/03\/henry-marionnet-blanc.png","width":3063,"height":3063},{"@type":"BreadcrumbList","@id":"https:\/\/henry-marionnet.com\/products\/domaine-de-la-charmoise-rose\/#breadcrumb","itemListElement":[{"@type":"ListItem","position":1,"name":"Accueil","item":"https:\/\/henry-marionnet.com\/"},{"@type":"ListItem","position":2,"name":"Acheter","item":"https:\/\/henry-marionnet.com\/acheter\/"},{"@type":"ListItem","position":3,"name":"Ros\u00e9 Domaine de la Charmoise"}]},{"@type":"WebSite","@id":"https:\/\/henry-marionnet.com\/#website","url":"https:\/\/henry-marionnet.com\/","name":"Henry Marionnet","description":"Vins du Domaine de la Charmoise","publisher":{"@id":"https:\/\/henry-marionnet.com\/#organization"},"potentialAction":[{"@type":"SearchAction","target":{"@type":"EntryPoint","urlTemplate":"https:\/\/henry-marionnet.com\/?s={search_term_string}"},"query-input":{"@type":"PropertyValueSpecification","valueRequired":true,"valueName":"search_term_string"}}],"inLanguage":"en-US"},{"@type":"Organization","@id":"https:\/\/henry-marionnet.com\/#organization","name":"Henry Marionnet","url":"https:\/\/henry-marionnet.com\/","logo":{"@type":"ImageObject","inLanguage":"en-US","@id":"https:\/\/henry-marionnet.com\/#\/schema\/logo\/image\/","url":"https:\/\/henry-marionnet.com\/wp-content\/uploads\/2022\/07\/Logo-Henry-Marionnet.svg","contentUrl":"https:\/\/henry-marionnet.com\/wp-content\/uploads\/2022\/07\/Logo-Henry-Marionnet.svg","width":265,"height":191,"caption":"Henry Marionnet"},"image":{"@id":"https:\/\/henry-marionnet.com\/#\/schema\/logo\/image\/"},"sameAs":["https:\/\/www.facebook.com\/HenryMarionnet\/","https:\/\/www.instagram.com\/henrymarionnet\/"]}]}},"_links":{"self":[{"href":"https:\/\/henry-marionnet.com\/en\/wp-json\/wp\/v2\/product\/8017","targetHints":{"allow":["GET"]}}],"collection":[{"href":"https:\/\/henry-marionnet.com\/en\/wp-json\/wp\/v2\/product"}],"about":[{"href":"https:\/\/henry-marionnet.com\/en\/wp-json\/wp\/v2\/types\/product"}],"replies":[{"embeddable":true,"href":"https:\/\/henry-marionnet.com\/en\/wp-json\/wp\/v2\/comments?post=8017"}],"wp:featuredmedia":[{"embeddable":true,"href":"https:\/\/henry-marionnet.com\/en\/wp-json\/wp\/v2\/media\/8024"}],"wp:attachment":[{"href":"https:\/\/henry-marionnet.com\/en\/wp-json\/wp\/v2\/media?parent=8017"}],"wp:term":[{"taxonomy":"product_cat","embeddable":true,"href":"https:\/\/henry-marionnet.com\/en\/wp-json\/wp\/v2\/product_cat?post=8017"},{"taxonomy":"product_tag","embeddable":true,"href":"https:\/\/henry-marionnet.com\/en\/wp-json\/wp\/v2\/product_tag?post=8017"}],"curies":[{"name":"wp","href":"https:\/\/api.w.org\/{rel}","templated":true}]}}