{"id":7181,"date":"2022-08-13T11:38:41","date_gmt":"2022-08-13T10:38:41","guid":{"rendered":"http:\/\/hgdb5641.odns.fr\/products\/provignage\/"},"modified":"2026-04-03T14:40:35","modified_gmt":"2026-04-03T13:40:35","slug":"provignage","status":"publish","type":"product","link":"https:\/\/henry-marionnet.com\/en\/products\/provignage\/","title":{"rendered":"Provignage"},"content":{"rendered":"<p>The Romorantin grape variety was introduced into our region in 1519 by Fran\u00e7ois I, who had 80,000 vines brought from Burgundy to be planted around Romorantin. The King planned to build a magnificent castle there, which he finally realized in Chambord. Experts have confirmed the great age of this vine, which was not grafted, since phylloxera only appeared in France in 1863. It is a very complex wine for ageing, quite exceptional. It represents a page of our history, and is part of our country's heritage.<\/p>\n<p>To be enjoyed chilled at 7-8\u00b0C<\/p>","protected":false},"excerpt":{"rendered":"<p>Le c\u00e9page Romorantin a \u00e9t\u00e9 introduit en 1519 dans notre r\u00e9gion par Fran\u00e7ois 1er, qui fit venir 80 000 pieds de vigne de Bourgogne, pour \u00eatre plant\u00e9 autour de Romorantin. Le Roi envisageait d&rsquo;y construire un magnifique ch\u00e2teau, qu&rsquo;il r\u00e9alisa finalement \u00e0 Chambord. Des experts ont confirm\u00e9 le grand \u00e2ge de cette vigne, qui n&rsquo;a [&hellip;]<\/p>\n","protected":false},"featured_media":7249,"comment_status":"open","ping_status":"closed","template":"","meta":{"inline_featured_image":false},"product_cat":[55],"product_tag":[70,61,73,72,65],"class_list":{"0":"post-7181","1":"product","2":"type-product","3":"status-publish","4":"has-post-thumbnail","6":"product_cat-cuvees-historiques","7":"product_tag-agriculture-biologique","8":"product_tag-domaine-de-la-charmoise","9":"product_tag-romorantin","10":"product_tag-vignes-pre-phylloxeriques","11":"product_tag-vins-blancs","13":"first","14":"instock","15":"taxable","16":"shipping-taxable","17":"purchasable","18":"product-type-variable","19":"has-default-attributes"},"yoast_head":"<!-- This site is optimized with the Yoast SEO plugin v27.5 - https:\/\/yoast.com\/product\/yoast-seo-wordpress\/ -->\n<title>Provignage - Henry Marionnet<\/title>\n<meta name=\"description\" content=\"Le c\u00e9page Romorantin a \u00e9t\u00e9 introduit en 1519 dans notre r\u00e9gion par Fran\u00e7ois 1er, qui fit venir 80 000 pieds de vigne de Bourgogne, pour \u00eatre plant\u00e9 autour\" \/>\n<meta name=\"robots\" content=\"index, follow, max-snippet:-1, max-image-preview:large, max-video-preview:-1\" \/>\n<link rel=\"canonical\" href=\"https:\/\/henry-marionnet.com\/en\/products\/provignage\/\" \/>\n<meta property=\"og:locale\" content=\"en_US\" \/>\n<meta property=\"og:type\" content=\"article\" \/>\n<meta property=\"og:title\" content=\"Provignage - Henry Marionnet\" \/>\n<meta property=\"og:description\" content=\"Le c\u00e9page Romorantin a \u00e9t\u00e9 introduit en 1519 dans notre r\u00e9gion par Fran\u00e7ois 1er, qui fit venir 80 000 pieds de vigne de Bourgogne, pour \u00eatre plant\u00e9 autour\" \/>\n<meta property=\"og:url\" content=\"https:\/\/henry-marionnet.com\/en\/products\/provignage\/\" \/>\n<meta property=\"og:site_name\" content=\"Henry Marionnet\" \/>\n<meta property=\"article:publisher\" content=\"https:\/\/www.facebook.com\/HenryMarionnet\/\" \/>\n<meta property=\"article:modified_time\" content=\"2026-04-03T13:40:35+00:00\" \/>\n<meta property=\"og:image\" content=\"https:\/\/henry-marionnet.com\/wp-content\/uploads\/2022\/08\/Provignange-01.png\" \/>\n\t<meta property=\"og:image:width\" content=\"3063\" \/>\n\t<meta property=\"og:image:height\" content=\"3063\" \/>\n\t<meta property=\"og:image:type\" content=\"image\/png\" \/>\n<meta name=\"twitter:card\" content=\"summary_large_image\" \/>\n<meta name=\"twitter:label1\" content=\"Est. reading time\" \/>\n\t<meta name=\"twitter:data1\" content=\"1 minute\" \/>\n<script type=\"application\/ld+json\" class=\"yoast-schema-graph\">{\"@context\":\"https:\\\/\\\/schema.org\",\"@graph\":[{\"@type\":\"WebPage\",\"@id\":\"https:\\\/\\\/henry-marionnet.com\\\/products\\\/provignage\\\/\",\"url\":\"https:\\\/\\\/henry-marionnet.com\\\/products\\\/provignage\\\/\",\"name\":\"Provignage - Henry Marionnet\",\"isPartOf\":{\"@id\":\"https:\\\/\\\/henry-marionnet.com\\\/#website\"},\"primaryImageOfPage\":{\"@id\":\"https:\\\/\\\/henry-marionnet.com\\\/products\\\/provignage\\\/#primaryimage\"},\"image\":{\"@id\":\"https:\\\/\\\/henry-marionnet.com\\\/products\\\/provignage\\\/#primaryimage\"},\"thumbnailUrl\":\"https:\\\/\\\/henry-marionnet.com\\\/wp-content\\\/uploads\\\/2022\\\/08\\\/Provignange-01.png\",\"datePublished\":\"2022-08-13T10:38:41+00:00\",\"dateModified\":\"2026-04-03T13:40:35+00:00\",\"description\":\"Le c\u00e9page Romorantin a \u00e9t\u00e9 introduit en 1519 dans notre r\u00e9gion par Fran\u00e7ois 1er, qui fit venir 80 000 pieds de vigne de Bourgogne, pour \u00eatre plant\u00e9 autour\",\"breadcrumb\":{\"@id\":\"https:\\\/\\\/henry-marionnet.com\\\/products\\\/provignage\\\/#breadcrumb\"},\"inLanguage\":\"en-US\",\"potentialAction\":[{\"@type\":\"ReadAction\",\"target\":[\"https:\\\/\\\/henry-marionnet.com\\\/products\\\/provignage\\\/\"]}]},{\"@type\":\"ImageObject\",\"inLanguage\":\"en-US\",\"@id\":\"https:\\\/\\\/henry-marionnet.com\\\/products\\\/provignage\\\/#primaryimage\",\"url\":\"https:\\\/\\\/henry-marionnet.com\\\/wp-content\\\/uploads\\\/2022\\\/08\\\/Provignange-01.png\",\"contentUrl\":\"https:\\\/\\\/henry-marionnet.com\\\/wp-content\\\/uploads\\\/2022\\\/08\\\/Provignange-01.png\",\"width\":3063,\"height\":3063,\"caption\":\"Provignange\"},{\"@type\":\"BreadcrumbList\",\"@id\":\"https:\\\/\\\/henry-marionnet.com\\\/products\\\/provignage\\\/#breadcrumb\",\"itemListElement\":[{\"@type\":\"ListItem\",\"position\":1,\"name\":\"Accueil\",\"item\":\"https:\\\/\\\/henry-marionnet.com\\\/\"},{\"@type\":\"ListItem\",\"position\":2,\"name\":\"Acheter\",\"item\":\"https:\\\/\\\/henry-marionnet.com\\\/acheter\\\/\"},{\"@type\":\"ListItem\",\"position\":3,\"name\":\"Provignage\"}]},{\"@type\":\"WebSite\",\"@id\":\"https:\\\/\\\/henry-marionnet.com\\\/#website\",\"url\":\"https:\\\/\\\/henry-marionnet.com\\\/\",\"name\":\"Henry Marionnet\",\"description\":\"Vins du Domaine de la Charmoise\",\"publisher\":{\"@id\":\"https:\\\/\\\/henry-marionnet.com\\\/#organization\"},\"potentialAction\":[{\"@type\":\"SearchAction\",\"target\":{\"@type\":\"EntryPoint\",\"urlTemplate\":\"https:\\\/\\\/henry-marionnet.com\\\/?s={search_term_string}\"},\"query-input\":{\"@type\":\"PropertyValueSpecification\",\"valueRequired\":true,\"valueName\":\"search_term_string\"}}],\"inLanguage\":\"en-US\"},{\"@type\":\"Organization\",\"@id\":\"https:\\\/\\\/henry-marionnet.com\\\/#organization\",\"name\":\"Henry Marionnet\",\"url\":\"https:\\\/\\\/henry-marionnet.com\\\/\",\"logo\":{\"@type\":\"ImageObject\",\"inLanguage\":\"en-US\",\"@id\":\"https:\\\/\\\/henry-marionnet.com\\\/#\\\/schema\\\/logo\\\/image\\\/\",\"url\":\"https:\\\/\\\/henry-marionnet.com\\\/wp-content\\\/uploads\\\/2022\\\/07\\\/Logo-Henry-Marionnet.svg\",\"contentUrl\":\"https:\\\/\\\/henry-marionnet.com\\\/wp-content\\\/uploads\\\/2022\\\/07\\\/Logo-Henry-Marionnet.svg\",\"width\":265,\"height\":191,\"caption\":\"Henry Marionnet\"},\"image\":{\"@id\":\"https:\\\/\\\/henry-marionnet.com\\\/#\\\/schema\\\/logo\\\/image\\\/\"},\"sameAs\":[\"https:\\\/\\\/www.facebook.com\\\/HenryMarionnet\\\/\",\"https:\\\/\\\/www.instagram.com\\\/henrymarionnet\\\/\"]}]}<\/script>\n<!-- \/ Yoast SEO plugin. -->","yoast_head_json":{"title":"Provignage - Henry Marionnet","description":"Le c\u00e9page Romorantin a \u00e9t\u00e9 introduit en 1519 dans notre r\u00e9gion par Fran\u00e7ois 1er, qui fit venir 80 000 pieds de vigne de Bourgogne, pour \u00eatre plant\u00e9 autour","robots":{"index":"index","follow":"follow","max-snippet":"max-snippet:-1","max-image-preview":"max-image-preview:large","max-video-preview":"max-video-preview:-1"},"canonical":"https:\/\/henry-marionnet.com\/en\/products\/provignage\/","og_locale":"en_US","og_type":"article","og_title":"Provignage - Henry Marionnet","og_description":"Le c\u00e9page Romorantin a \u00e9t\u00e9 introduit en 1519 dans notre r\u00e9gion par Fran\u00e7ois 1er, qui fit venir 80 000 pieds de vigne de Bourgogne, pour \u00eatre plant\u00e9 autour","og_url":"https:\/\/henry-marionnet.com\/en\/products\/provignage\/","og_site_name":"Henry Marionnet","article_publisher":"https:\/\/www.facebook.com\/HenryMarionnet\/","article_modified_time":"2026-04-03T13:40:35+00:00","og_image":[{"width":3063,"height":3063,"url":"https:\/\/henry-marionnet.com\/wp-content\/uploads\/2022\/08\/Provignange-01.png","type":"image\/png"}],"twitter_card":"summary_large_image","twitter_misc":{"Est. reading time":"1 minute"},"schema":{"@context":"https:\/\/schema.org","@graph":[{"@type":"WebPage","@id":"https:\/\/henry-marionnet.com\/products\/provignage\/","url":"https:\/\/henry-marionnet.com\/products\/provignage\/","name":"Provignage - Henry Marionnet","isPartOf":{"@id":"https:\/\/henry-marionnet.com\/#website"},"primaryImageOfPage":{"@id":"https:\/\/henry-marionnet.com\/products\/provignage\/#primaryimage"},"image":{"@id":"https:\/\/henry-marionnet.com\/products\/provignage\/#primaryimage"},"thumbnailUrl":"https:\/\/henry-marionnet.com\/wp-content\/uploads\/2022\/08\/Provignange-01.png","datePublished":"2022-08-13T10:38:41+00:00","dateModified":"2026-04-03T13:40:35+00:00","description":"Le c\u00e9page Romorantin a \u00e9t\u00e9 introduit en 1519 dans notre r\u00e9gion par Fran\u00e7ois 1er, qui fit venir 80 000 pieds de vigne de Bourgogne, pour \u00eatre plant\u00e9 autour","breadcrumb":{"@id":"https:\/\/henry-marionnet.com\/products\/provignage\/#breadcrumb"},"inLanguage":"en-US","potentialAction":[{"@type":"ReadAction","target":["https:\/\/henry-marionnet.com\/products\/provignage\/"]}]},{"@type":"ImageObject","inLanguage":"en-US","@id":"https:\/\/henry-marionnet.com\/products\/provignage\/#primaryimage","url":"https:\/\/henry-marionnet.com\/wp-content\/uploads\/2022\/08\/Provignange-01.png","contentUrl":"https:\/\/henry-marionnet.com\/wp-content\/uploads\/2022\/08\/Provignange-01.png","width":3063,"height":3063,"caption":"Provignange"},{"@type":"BreadcrumbList","@id":"https:\/\/henry-marionnet.com\/products\/provignage\/#breadcrumb","itemListElement":[{"@type":"ListItem","position":1,"name":"Accueil","item":"https:\/\/henry-marionnet.com\/"},{"@type":"ListItem","position":2,"name":"Acheter","item":"https:\/\/henry-marionnet.com\/acheter\/"},{"@type":"ListItem","position":3,"name":"Provignage"}]},{"@type":"WebSite","@id":"https:\/\/henry-marionnet.com\/#website","url":"https:\/\/henry-marionnet.com\/","name":"Henry Marionnet","description":"Vins du Domaine de la Charmoise","publisher":{"@id":"https:\/\/henry-marionnet.com\/#organization"},"potentialAction":[{"@type":"SearchAction","target":{"@type":"EntryPoint","urlTemplate":"https:\/\/henry-marionnet.com\/?s={search_term_string}"},"query-input":{"@type":"PropertyValueSpecification","valueRequired":true,"valueName":"search_term_string"}}],"inLanguage":"en-US"},{"@type":"Organization","@id":"https:\/\/henry-marionnet.com\/#organization","name":"Henry Marionnet","url":"https:\/\/henry-marionnet.com\/","logo":{"@type":"ImageObject","inLanguage":"en-US","@id":"https:\/\/henry-marionnet.com\/#\/schema\/logo\/image\/","url":"https:\/\/henry-marionnet.com\/wp-content\/uploads\/2022\/07\/Logo-Henry-Marionnet.svg","contentUrl":"https:\/\/henry-marionnet.com\/wp-content\/uploads\/2022\/07\/Logo-Henry-Marionnet.svg","width":265,"height":191,"caption":"Henry Marionnet"},"image":{"@id":"https:\/\/henry-marionnet.com\/#\/schema\/logo\/image\/"},"sameAs":["https:\/\/www.facebook.com\/HenryMarionnet\/","https:\/\/www.instagram.com\/henrymarionnet\/"]}]}},"_links":{"self":[{"href":"https:\/\/henry-marionnet.com\/en\/wp-json\/wp\/v2\/product\/7181","targetHints":{"allow":["GET"]}}],"collection":[{"href":"https:\/\/henry-marionnet.com\/en\/wp-json\/wp\/v2\/product"}],"about":[{"href":"https:\/\/henry-marionnet.com\/en\/wp-json\/wp\/v2\/types\/product"}],"replies":[{"embeddable":true,"href":"https:\/\/henry-marionnet.com\/en\/wp-json\/wp\/v2\/comments?post=7181"}],"wp:featuredmedia":[{"embeddable":true,"href":"https:\/\/henry-marionnet.com\/en\/wp-json\/wp\/v2\/media\/7249"}],"wp:attachment":[{"href":"https:\/\/henry-marionnet.com\/en\/wp-json\/wp\/v2\/media?parent=7181"}],"wp:term":[{"taxonomy":"product_cat","embeddable":true,"href":"https:\/\/henry-marionnet.com\/en\/wp-json\/wp\/v2\/product_cat?post=7181"},{"taxonomy":"product_tag","embeddable":true,"href":"https:\/\/henry-marionnet.com\/en\/wp-json\/wp\/v2\/product_tag?post=7181"}],"curies":[{"name":"wp","href":"https:\/\/api.w.org\/{rel}","templated":true}]}}