{"id":7180,"date":"2022-08-13T11:38:41","date_gmt":"2022-08-13T10:38:41","guid":{"rendered":"http:\/\/hgdb5641.odns.fr\/products\/cuvee-m-de-marionnet-epuisee\/"},"modified":"2026-04-01T09:41:43","modified_gmt":"2026-04-01T08:41:43","slug":"cuvee-m-de-marionnet-epuisee","status":"publish","type":"product","link":"https:\/\/henry-marionnet.com\/en\/products\/cuvee-m-de-marionnet-epuisee\/","title":{"rendered":"M de Marionnet"},"content":{"rendered":"<p>It comes from a single parcel of the finest Sauvignon of the Domaine planted in 1970. We only produce this wine in the best years. The reason must have a very great maturity. Rich, unctuous, with an impressive palette of aromas.<\/p>\n<p>Elected best Sauvignon in the World in 1989.<\/p>\n<p>To be enjoyed chilled between 7-8\u00b0C.<\/p>","protected":false},"excerpt":{"rendered":"<p>Il provient d&rsquo;une seule et m\u00eame parcelle la plus belle de Sauvignon du Domaine plant\u00e9e en 1970. Nous ne produisons cette cuv\u00e9e que lors des grandes ann\u00e9es. Le raison doit avoir une tr\u00e8s grande maturit\u00e9. Riche, onctueux, avec une palette d&rsquo;ar\u00f4mes impressionnants. Elu meilleur Sauvignon du Monde en 1989. A d\u00e9guster frais entre 7-8\u00b0C.<\/p>","protected":false},"featured_media":7247,"comment_status":"open","ping_status":"closed","template":"","meta":{"inline_featured_image":false},"product_cat":[56],"product_tag":[70,68,71,65],"class_list":{"0":"post-7180","1":"product","2":"type-product","3":"status-publish","4":"has-post-thumbnail","6":"product_cat-cuvees-speciales","7":"product_tag-agriculture-biologique","8":"product_tag-sauvignon","9":"product_tag-touraine-aoc","10":"product_tag-vins-blancs","12":"first","13":"instock","14":"taxable","15":"shipping-taxable","16":"purchasable","17":"product-type-variable","18":"has-default-attributes"},"yoast_head":"<!-- This site is optimized with the Yoast SEO plugin v27.4 - https:\/\/yoast.com\/product\/yoast-seo-wordpress\/ -->\n<title>M de Marionnet - Henry Marionnet<\/title>\n<meta name=\"description\" content=\"Il provient d&#039;une seule et m\u00eame parcelle la plus belle de Sauvignon du Domaine plant\u00e9e en 1970. Nous ne produisons cette cuv\u00e9e que lors des grandes\" \/>\n<meta name=\"robots\" content=\"index, follow, max-snippet:-1, max-image-preview:large, max-video-preview:-1\" \/>\n<link rel=\"canonical\" href=\"https:\/\/henry-marionnet.com\/en\/products\/cuvee-m-de-marionnet-epuisee\/\" \/>\n<meta property=\"og:locale\" content=\"en_US\" \/>\n<meta property=\"og:type\" content=\"article\" \/>\n<meta property=\"og:title\" content=\"M de Marionnet - Henry Marionnet\" \/>\n<meta property=\"og:description\" content=\"Il provient d&#039;une seule et m\u00eame parcelle la plus belle de Sauvignon du Domaine plant\u00e9e en 1970. Nous ne produisons cette cuv\u00e9e que lors des grandes\" \/>\n<meta property=\"og:url\" content=\"https:\/\/henry-marionnet.com\/en\/products\/cuvee-m-de-marionnet-epuisee\/\" \/>\n<meta property=\"og:site_name\" content=\"Henry Marionnet\" \/>\n<meta property=\"article:publisher\" content=\"https:\/\/www.facebook.com\/HenryMarionnet\/\" \/>\n<meta property=\"article:modified_time\" content=\"2026-04-01T08:41:43+00:00\" \/>\n<meta property=\"og:image\" content=\"https:\/\/henry-marionnet.com\/wp-content\/uploads\/2022\/08\/M-de-marionnet.png\" \/>\n\t<meta property=\"og:image:width\" content=\"3063\" \/>\n\t<meta property=\"og:image:height\" content=\"3063\" \/>\n\t<meta property=\"og:image:type\" content=\"image\/png\" \/>\n<meta name=\"twitter:card\" content=\"summary_large_image\" \/>\n<script type=\"application\/ld+json\" class=\"yoast-schema-graph\">{\"@context\":\"https:\\\/\\\/schema.org\",\"@graph\":[{\"@type\":\"WebPage\",\"@id\":\"https:\\\/\\\/henry-marionnet.com\\\/products\\\/cuvee-m-de-marionnet-epuisee\\\/\",\"url\":\"https:\\\/\\\/henry-marionnet.com\\\/products\\\/cuvee-m-de-marionnet-epuisee\\\/\",\"name\":\"M de Marionnet - Henry Marionnet\",\"isPartOf\":{\"@id\":\"https:\\\/\\\/henry-marionnet.com\\\/#website\"},\"primaryImageOfPage\":{\"@id\":\"https:\\\/\\\/henry-marionnet.com\\\/products\\\/cuvee-m-de-marionnet-epuisee\\\/#primaryimage\"},\"image\":{\"@id\":\"https:\\\/\\\/henry-marionnet.com\\\/products\\\/cuvee-m-de-marionnet-epuisee\\\/#primaryimage\"},\"thumbnailUrl\":\"https:\\\/\\\/henry-marionnet.com\\\/wp-content\\\/uploads\\\/2022\\\/08\\\/M-de-marionnet.png\",\"datePublished\":\"2022-08-13T10:38:41+00:00\",\"dateModified\":\"2026-04-01T08:41:43+00:00\",\"description\":\"Il provient d'une seule et m\u00eame parcelle la plus belle de Sauvignon du Domaine plant\u00e9e en 1970. Nous ne produisons cette cuv\u00e9e que lors des grandes\",\"breadcrumb\":{\"@id\":\"https:\\\/\\\/henry-marionnet.com\\\/products\\\/cuvee-m-de-marionnet-epuisee\\\/#breadcrumb\"},\"inLanguage\":\"en-US\",\"potentialAction\":[{\"@type\":\"ReadAction\",\"target\":[\"https:\\\/\\\/henry-marionnet.com\\\/products\\\/cuvee-m-de-marionnet-epuisee\\\/\"]}]},{\"@type\":\"ImageObject\",\"inLanguage\":\"en-US\",\"@id\":\"https:\\\/\\\/henry-marionnet.com\\\/products\\\/cuvee-m-de-marionnet-epuisee\\\/#primaryimage\",\"url\":\"https:\\\/\\\/henry-marionnet.com\\\/wp-content\\\/uploads\\\/2022\\\/08\\\/M-de-marionnet.png\",\"contentUrl\":\"https:\\\/\\\/henry-marionnet.com\\\/wp-content\\\/uploads\\\/2022\\\/08\\\/M-de-marionnet.png\",\"width\":3063,\"height\":3063,\"caption\":\"M de marionnet\"},{\"@type\":\"BreadcrumbList\",\"@id\":\"https:\\\/\\\/henry-marionnet.com\\\/products\\\/cuvee-m-de-marionnet-epuisee\\\/#breadcrumb\",\"itemListElement\":[{\"@type\":\"ListItem\",\"position\":1,\"name\":\"Accueil\",\"item\":\"https:\\\/\\\/henry-marionnet.com\\\/\"},{\"@type\":\"ListItem\",\"position\":2,\"name\":\"Acheter\",\"item\":\"https:\\\/\\\/henry-marionnet.com\\\/acheter\\\/\"},{\"@type\":\"ListItem\",\"position\":3,\"name\":\"M de Marionnet\"}]},{\"@type\":\"WebSite\",\"@id\":\"https:\\\/\\\/henry-marionnet.com\\\/#website\",\"url\":\"https:\\\/\\\/henry-marionnet.com\\\/\",\"name\":\"Henry Marionnet\",\"description\":\"Vins du Domaine de la Charmoise\",\"publisher\":{\"@id\":\"https:\\\/\\\/henry-marionnet.com\\\/#organization\"},\"potentialAction\":[{\"@type\":\"SearchAction\",\"target\":{\"@type\":\"EntryPoint\",\"urlTemplate\":\"https:\\\/\\\/henry-marionnet.com\\\/?s={search_term_string}\"},\"query-input\":{\"@type\":\"PropertyValueSpecification\",\"valueRequired\":true,\"valueName\":\"search_term_string\"}}],\"inLanguage\":\"en-US\"},{\"@type\":\"Organization\",\"@id\":\"https:\\\/\\\/henry-marionnet.com\\\/#organization\",\"name\":\"Henry Marionnet\",\"url\":\"https:\\\/\\\/henry-marionnet.com\\\/\",\"logo\":{\"@type\":\"ImageObject\",\"inLanguage\":\"en-US\",\"@id\":\"https:\\\/\\\/henry-marionnet.com\\\/#\\\/schema\\\/logo\\\/image\\\/\",\"url\":\"https:\\\/\\\/henry-marionnet.com\\\/wp-content\\\/uploads\\\/2022\\\/07\\\/Logo-Henry-Marionnet.svg\",\"contentUrl\":\"https:\\\/\\\/henry-marionnet.com\\\/wp-content\\\/uploads\\\/2022\\\/07\\\/Logo-Henry-Marionnet.svg\",\"width\":265,\"height\":191,\"caption\":\"Henry Marionnet\"},\"image\":{\"@id\":\"https:\\\/\\\/henry-marionnet.com\\\/#\\\/schema\\\/logo\\\/image\\\/\"},\"sameAs\":[\"https:\\\/\\\/www.facebook.com\\\/HenryMarionnet\\\/\",\"https:\\\/\\\/www.instagram.com\\\/henrymarionnet\\\/\"]}]}<\/script>\n<!-- \/ Yoast SEO plugin. -->","yoast_head_json":{"title":"M de Marionnet - Henry Marionnet","description":"Il provient d'une seule et m\u00eame parcelle la plus belle de Sauvignon du Domaine plant\u00e9e en 1970. Nous ne produisons cette cuv\u00e9e que lors des grandes","robots":{"index":"index","follow":"follow","max-snippet":"max-snippet:-1","max-image-preview":"max-image-preview:large","max-video-preview":"max-video-preview:-1"},"canonical":"https:\/\/henry-marionnet.com\/en\/products\/cuvee-m-de-marionnet-epuisee\/","og_locale":"en_US","og_type":"article","og_title":"M de Marionnet - Henry Marionnet","og_description":"Il provient d'une seule et m\u00eame parcelle la plus belle de Sauvignon du Domaine plant\u00e9e en 1970. Nous ne produisons cette cuv\u00e9e que lors des grandes","og_url":"https:\/\/henry-marionnet.com\/en\/products\/cuvee-m-de-marionnet-epuisee\/","og_site_name":"Henry Marionnet","article_publisher":"https:\/\/www.facebook.com\/HenryMarionnet\/","article_modified_time":"2026-04-01T08:41:43+00:00","og_image":[{"width":3063,"height":3063,"url":"https:\/\/henry-marionnet.com\/wp-content\/uploads\/2022\/08\/M-de-marionnet.png","type":"image\/png"}],"twitter_card":"summary_large_image","schema":{"@context":"https:\/\/schema.org","@graph":[{"@type":"WebPage","@id":"https:\/\/henry-marionnet.com\/products\/cuvee-m-de-marionnet-epuisee\/","url":"https:\/\/henry-marionnet.com\/products\/cuvee-m-de-marionnet-epuisee\/","name":"M de Marionnet - Henry Marionnet","isPartOf":{"@id":"https:\/\/henry-marionnet.com\/#website"},"primaryImageOfPage":{"@id":"https:\/\/henry-marionnet.com\/products\/cuvee-m-de-marionnet-epuisee\/#primaryimage"},"image":{"@id":"https:\/\/henry-marionnet.com\/products\/cuvee-m-de-marionnet-epuisee\/#primaryimage"},"thumbnailUrl":"https:\/\/henry-marionnet.com\/wp-content\/uploads\/2022\/08\/M-de-marionnet.png","datePublished":"2022-08-13T10:38:41+00:00","dateModified":"2026-04-01T08:41:43+00:00","description":"Il provient d'une seule et m\u00eame parcelle la plus belle de Sauvignon du Domaine plant\u00e9e en 1970. Nous ne produisons cette cuv\u00e9e que lors des grandes","breadcrumb":{"@id":"https:\/\/henry-marionnet.com\/products\/cuvee-m-de-marionnet-epuisee\/#breadcrumb"},"inLanguage":"en-US","potentialAction":[{"@type":"ReadAction","target":["https:\/\/henry-marionnet.com\/products\/cuvee-m-de-marionnet-epuisee\/"]}]},{"@type":"ImageObject","inLanguage":"en-US","@id":"https:\/\/henry-marionnet.com\/products\/cuvee-m-de-marionnet-epuisee\/#primaryimage","url":"https:\/\/henry-marionnet.com\/wp-content\/uploads\/2022\/08\/M-de-marionnet.png","contentUrl":"https:\/\/henry-marionnet.com\/wp-content\/uploads\/2022\/08\/M-de-marionnet.png","width":3063,"height":3063,"caption":"M de marionnet"},{"@type":"BreadcrumbList","@id":"https:\/\/henry-marionnet.com\/products\/cuvee-m-de-marionnet-epuisee\/#breadcrumb","itemListElement":[{"@type":"ListItem","position":1,"name":"Accueil","item":"https:\/\/henry-marionnet.com\/"},{"@type":"ListItem","position":2,"name":"Acheter","item":"https:\/\/henry-marionnet.com\/acheter\/"},{"@type":"ListItem","position":3,"name":"M de Marionnet"}]},{"@type":"WebSite","@id":"https:\/\/henry-marionnet.com\/#website","url":"https:\/\/henry-marionnet.com\/","name":"Henry Marionnet","description":"Vins du Domaine de la Charmoise","publisher":{"@id":"https:\/\/henry-marionnet.com\/#organization"},"potentialAction":[{"@type":"SearchAction","target":{"@type":"EntryPoint","urlTemplate":"https:\/\/henry-marionnet.com\/?s={search_term_string}"},"query-input":{"@type":"PropertyValueSpecification","valueRequired":true,"valueName":"search_term_string"}}],"inLanguage":"en-US"},{"@type":"Organization","@id":"https:\/\/henry-marionnet.com\/#organization","name":"Henry Marionnet","url":"https:\/\/henry-marionnet.com\/","logo":{"@type":"ImageObject","inLanguage":"en-US","@id":"https:\/\/henry-marionnet.com\/#\/schema\/logo\/image\/","url":"https:\/\/henry-marionnet.com\/wp-content\/uploads\/2022\/07\/Logo-Henry-Marionnet.svg","contentUrl":"https:\/\/henry-marionnet.com\/wp-content\/uploads\/2022\/07\/Logo-Henry-Marionnet.svg","width":265,"height":191,"caption":"Henry Marionnet"},"image":{"@id":"https:\/\/henry-marionnet.com\/#\/schema\/logo\/image\/"},"sameAs":["https:\/\/www.facebook.com\/HenryMarionnet\/","https:\/\/www.instagram.com\/henrymarionnet\/"]}]}},"_links":{"self":[{"href":"https:\/\/henry-marionnet.com\/en\/wp-json\/wp\/v2\/product\/7180","targetHints":{"allow":["GET"]}}],"collection":[{"href":"https:\/\/henry-marionnet.com\/en\/wp-json\/wp\/v2\/product"}],"about":[{"href":"https:\/\/henry-marionnet.com\/en\/wp-json\/wp\/v2\/types\/product"}],"replies":[{"embeddable":true,"href":"https:\/\/henry-marionnet.com\/en\/wp-json\/wp\/v2\/comments?post=7180"}],"wp:featuredmedia":[{"embeddable":true,"href":"https:\/\/henry-marionnet.com\/en\/wp-json\/wp\/v2\/media\/7247"}],"wp:attachment":[{"href":"https:\/\/henry-marionnet.com\/en\/wp-json\/wp\/v2\/media?parent=7180"}],"wp:term":[{"taxonomy":"product_cat","embeddable":true,"href":"https:\/\/henry-marionnet.com\/en\/wp-json\/wp\/v2\/product_cat?post=7180"},{"taxonomy":"product_tag","embeddable":true,"href":"https:\/\/henry-marionnet.com\/en\/wp-json\/wp\/v2\/product_tag?post=7180"}],"curies":[{"name":"wp","href":"https:\/\/api.w.org\/{rel}","templated":true}]}}