{"id":7179,"date":"2022-08-13T11:38:41","date_gmt":"2022-08-13T10:38:41","guid":{"rendered":"http:\/\/hgdb5641.odns.fr\/products\/vinifera-sauvignon\/"},"modified":"2026-04-13T11:18:27","modified_gmt":"2026-04-13T10:18:27","slug":"vinifera-sauvignon","status":"publish","type":"product","link":"https:\/\/henry-marionnet.com\/en\/products\/vinifera-sauvignon\/","title":{"rendered":"Vinifera Sauvignon"},"content":{"rendered":"<p>This wine is unique because it comes from a non-grafted vine, planted in 2000 (as in the old days, before the arrival of phylloxera in 1862, which destroyed the entire European vineyard).<\/p>\n<p>This wine is completely different from the one made from grafted vines. It is elegant and distinguished. The nose is fresh, deep with aromas of white flowers, rosehip, acacia. It is very fine in the mouth, crystalline but with a beautiful amplitude. It gives us expressions of peach, pear, grapefruit and lemon. It is rich, complex, and has a delicacy that we have never seen in any other Sauvignon.<\/p>\n<p>It has an extraordinary quality and class. It is a very great wine.<\/p>\n<p>To drink on its youth, 4 years.<\/p>\n<p>To be enjoyed chilled at 7-8\u00b0C<\/p>","protected":false},"excerpt":{"rendered":"<p>Vin unique car il est issu d&rsquo;une vigne non greff\u00e9e, plant\u00e9e en 2000 (comme dans l&rsquo;ancien temps, avant l&rsquo;arriv\u00e9e du phyllox\u00e9ra en 1862, qui d\u00e9truisit tout le vignoble Europ\u00e9en). Ce vin est compl\u00e8tement diff\u00e9rent de celui issu des vignes greff\u00e9es. Il est \u00e9l\u00e9gant et rac\u00e9. Le nez est frais, profond avec des ar\u00f4mes de fleurs [&hellip;]<\/p>\n","protected":false},"featured_media":9160,"comment_status":"open","ping_status":"closed","template":"","meta":{"inline_featured_image":false},"product_cat":[57],"product_tag":[93,61,68,71,74,65],"class_list":{"0":"post-7179","1":"product","2":"type-product","3":"status-publish","4":"has-post-thumbnail","6":"product_cat-vignes-uniques-non-greffees","7":"product_tag-agriculture-biologiques","8":"product_tag-domaine-de-la-charmoise","9":"product_tag-sauvignon","10":"product_tag-touraine-aoc","11":"product_tag-vignes-non-greffees","12":"product_tag-vins-blancs","14":"first","15":"instock","16":"taxable","17":"shipping-taxable","18":"purchasable","19":"product-type-variable","20":"has-default-attributes"},"yoast_head":"<!-- This site is optimized with the Yoast SEO plugin v27.5 - https:\/\/yoast.com\/product\/yoast-seo-wordpress\/ -->\n<title>Vinifera Sauvignon - Henry Marionnet<\/title>\n<meta name=\"description\" content=\"Vin unique car il est issu d&#039;une vigne non greff\u00e9e, plant\u00e9e en 2000 (comme dans l&#039;ancien temps, avant l&#039;arriv\u00e9e du phyllox\u00e9ra en 1862, qui d\u00e9truisit tout\" \/>\n<meta name=\"robots\" content=\"index, follow, max-snippet:-1, max-image-preview:large, max-video-preview:-1\" \/>\n<link rel=\"canonical\" href=\"https:\/\/henry-marionnet.com\/en\/products\/vinifera-sauvignon\/\" \/>\n<meta property=\"og:locale\" content=\"en_US\" \/>\n<meta property=\"og:type\" content=\"article\" \/>\n<meta property=\"og:title\" content=\"Vinifera Sauvignon - Henry Marionnet\" \/>\n<meta property=\"og:description\" content=\"Vin unique car il est issu d&#039;une vigne non greff\u00e9e, plant\u00e9e en 2000 (comme dans l&#039;ancien temps, avant l&#039;arriv\u00e9e du phyllox\u00e9ra en 1862, qui d\u00e9truisit tout\" \/>\n<meta property=\"og:url\" content=\"https:\/\/henry-marionnet.com\/en\/products\/vinifera-sauvignon\/\" \/>\n<meta property=\"og:site_name\" content=\"Henry Marionnet\" \/>\n<meta property=\"article:publisher\" content=\"https:\/\/www.facebook.com\/HenryMarionnet\/\" \/>\n<meta property=\"article:modified_time\" content=\"2026-04-13T10:18:27+00:00\" \/>\n<meta property=\"og:image\" content=\"https:\/\/henry-marionnet.com\/wp-content\/uploads\/2022\/08\/VINIFERA-SAUVIGNON-site-web-carre-scaled.jpg\" \/>\n\t<meta property=\"og:image:width\" content=\"2560\" \/>\n\t<meta property=\"og:image:height\" content=\"2560\" \/>\n\t<meta property=\"og:image:type\" content=\"image\/jpeg\" \/>\n<meta name=\"twitter:card\" content=\"summary_large_image\" \/>\n<meta name=\"twitter:label1\" content=\"Est. reading time\" \/>\n\t<meta name=\"twitter:data1\" content=\"1 minute\" \/>\n<script type=\"application\/ld+json\" class=\"yoast-schema-graph\">{\"@context\":\"https:\\\/\\\/schema.org\",\"@graph\":[{\"@type\":\"WebPage\",\"@id\":\"https:\\\/\\\/henry-marionnet.com\\\/products\\\/vinifera-sauvignon\\\/\",\"url\":\"https:\\\/\\\/henry-marionnet.com\\\/products\\\/vinifera-sauvignon\\\/\",\"name\":\"Vinifera Sauvignon - Henry Marionnet\",\"isPartOf\":{\"@id\":\"https:\\\/\\\/henry-marionnet.com\\\/#website\"},\"primaryImageOfPage\":{\"@id\":\"https:\\\/\\\/henry-marionnet.com\\\/products\\\/vinifera-sauvignon\\\/#primaryimage\"},\"image\":{\"@id\":\"https:\\\/\\\/henry-marionnet.com\\\/products\\\/vinifera-sauvignon\\\/#primaryimage\"},\"thumbnailUrl\":\"https:\\\/\\\/henry-marionnet.com\\\/wp-content\\\/uploads\\\/2022\\\/08\\\/VINIFERA-SAUVIGNON-site-web-carre-scaled.jpg\",\"datePublished\":\"2022-08-13T10:38:41+00:00\",\"dateModified\":\"2026-04-13T10:18:27+00:00\",\"description\":\"Vin unique car il est issu d'une vigne non greff\u00e9e, plant\u00e9e en 2000 (comme dans l'ancien temps, avant l'arriv\u00e9e du phyllox\u00e9ra en 1862, qui d\u00e9truisit tout\",\"breadcrumb\":{\"@id\":\"https:\\\/\\\/henry-marionnet.com\\\/products\\\/vinifera-sauvignon\\\/#breadcrumb\"},\"inLanguage\":\"en-US\",\"potentialAction\":[{\"@type\":\"ReadAction\",\"target\":[\"https:\\\/\\\/henry-marionnet.com\\\/products\\\/vinifera-sauvignon\\\/\"]}]},{\"@type\":\"ImageObject\",\"inLanguage\":\"en-US\",\"@id\":\"https:\\\/\\\/henry-marionnet.com\\\/products\\\/vinifera-sauvignon\\\/#primaryimage\",\"url\":\"https:\\\/\\\/henry-marionnet.com\\\/wp-content\\\/uploads\\\/2022\\\/08\\\/VINIFERA-SAUVIGNON-site-web-carre-scaled.jpg\",\"contentUrl\":\"https:\\\/\\\/henry-marionnet.com\\\/wp-content\\\/uploads\\\/2022\\\/08\\\/VINIFERA-SAUVIGNON-site-web-carre-scaled.jpg\",\"width\":2560,\"height\":2560},{\"@type\":\"BreadcrumbList\",\"@id\":\"https:\\\/\\\/henry-marionnet.com\\\/products\\\/vinifera-sauvignon\\\/#breadcrumb\",\"itemListElement\":[{\"@type\":\"ListItem\",\"position\":1,\"name\":\"Accueil\",\"item\":\"https:\\\/\\\/henry-marionnet.com\\\/\"},{\"@type\":\"ListItem\",\"position\":2,\"name\":\"Acheter\",\"item\":\"https:\\\/\\\/henry-marionnet.com\\\/acheter\\\/\"},{\"@type\":\"ListItem\",\"position\":3,\"name\":\"Vinifera Sauvignon\"}]},{\"@type\":\"WebSite\",\"@id\":\"https:\\\/\\\/henry-marionnet.com\\\/#website\",\"url\":\"https:\\\/\\\/henry-marionnet.com\\\/\",\"name\":\"Henry Marionnet\",\"description\":\"Vins du Domaine de la Charmoise\",\"publisher\":{\"@id\":\"https:\\\/\\\/henry-marionnet.com\\\/#organization\"},\"potentialAction\":[{\"@type\":\"SearchAction\",\"target\":{\"@type\":\"EntryPoint\",\"urlTemplate\":\"https:\\\/\\\/henry-marionnet.com\\\/?s={search_term_string}\"},\"query-input\":{\"@type\":\"PropertyValueSpecification\",\"valueRequired\":true,\"valueName\":\"search_term_string\"}}],\"inLanguage\":\"en-US\"},{\"@type\":\"Organization\",\"@id\":\"https:\\\/\\\/henry-marionnet.com\\\/#organization\",\"name\":\"Henry Marionnet\",\"url\":\"https:\\\/\\\/henry-marionnet.com\\\/\",\"logo\":{\"@type\":\"ImageObject\",\"inLanguage\":\"en-US\",\"@id\":\"https:\\\/\\\/henry-marionnet.com\\\/#\\\/schema\\\/logo\\\/image\\\/\",\"url\":\"https:\\\/\\\/henry-marionnet.com\\\/wp-content\\\/uploads\\\/2022\\\/07\\\/Logo-Henry-Marionnet.svg\",\"contentUrl\":\"https:\\\/\\\/henry-marionnet.com\\\/wp-content\\\/uploads\\\/2022\\\/07\\\/Logo-Henry-Marionnet.svg\",\"width\":265,\"height\":191,\"caption\":\"Henry Marionnet\"},\"image\":{\"@id\":\"https:\\\/\\\/henry-marionnet.com\\\/#\\\/schema\\\/logo\\\/image\\\/\"},\"sameAs\":[\"https:\\\/\\\/www.facebook.com\\\/HenryMarionnet\\\/\",\"https:\\\/\\\/www.instagram.com\\\/henrymarionnet\\\/\"]}]}<\/script>\n<!-- \/ Yoast SEO plugin. -->","yoast_head_json":{"title":"Vinifera Sauvignon - Henry Marionnet","description":"Vin unique car il est issu d'une vigne non greff\u00e9e, plant\u00e9e en 2000 (comme dans l'ancien temps, avant l'arriv\u00e9e du phyllox\u00e9ra en 1862, qui d\u00e9truisit tout","robots":{"index":"index","follow":"follow","max-snippet":"max-snippet:-1","max-image-preview":"max-image-preview:large","max-video-preview":"max-video-preview:-1"},"canonical":"https:\/\/henry-marionnet.com\/en\/products\/vinifera-sauvignon\/","og_locale":"en_US","og_type":"article","og_title":"Vinifera Sauvignon - Henry Marionnet","og_description":"Vin unique car il est issu d'une vigne non greff\u00e9e, plant\u00e9e en 2000 (comme dans l'ancien temps, avant l'arriv\u00e9e du phyllox\u00e9ra en 1862, qui d\u00e9truisit tout","og_url":"https:\/\/henry-marionnet.com\/en\/products\/vinifera-sauvignon\/","og_site_name":"Henry Marionnet","article_publisher":"https:\/\/www.facebook.com\/HenryMarionnet\/","article_modified_time":"2026-04-13T10:18:27+00:00","og_image":[{"width":2560,"height":2560,"url":"https:\/\/henry-marionnet.com\/wp-content\/uploads\/2022\/08\/VINIFERA-SAUVIGNON-site-web-carre-scaled.jpg","type":"image\/jpeg"}],"twitter_card":"summary_large_image","twitter_misc":{"Est. reading time":"1 minute"},"schema":{"@context":"https:\/\/schema.org","@graph":[{"@type":"WebPage","@id":"https:\/\/henry-marionnet.com\/products\/vinifera-sauvignon\/","url":"https:\/\/henry-marionnet.com\/products\/vinifera-sauvignon\/","name":"Vinifera Sauvignon - Henry Marionnet","isPartOf":{"@id":"https:\/\/henry-marionnet.com\/#website"},"primaryImageOfPage":{"@id":"https:\/\/henry-marionnet.com\/products\/vinifera-sauvignon\/#primaryimage"},"image":{"@id":"https:\/\/henry-marionnet.com\/products\/vinifera-sauvignon\/#primaryimage"},"thumbnailUrl":"https:\/\/henry-marionnet.com\/wp-content\/uploads\/2022\/08\/VINIFERA-SAUVIGNON-site-web-carre-scaled.jpg","datePublished":"2022-08-13T10:38:41+00:00","dateModified":"2026-04-13T10:18:27+00:00","description":"Vin unique car il est issu d'une vigne non greff\u00e9e, plant\u00e9e en 2000 (comme dans l'ancien temps, avant l'arriv\u00e9e du phyllox\u00e9ra en 1862, qui d\u00e9truisit tout","breadcrumb":{"@id":"https:\/\/henry-marionnet.com\/products\/vinifera-sauvignon\/#breadcrumb"},"inLanguage":"en-US","potentialAction":[{"@type":"ReadAction","target":["https:\/\/henry-marionnet.com\/products\/vinifera-sauvignon\/"]}]},{"@type":"ImageObject","inLanguage":"en-US","@id":"https:\/\/henry-marionnet.com\/products\/vinifera-sauvignon\/#primaryimage","url":"https:\/\/henry-marionnet.com\/wp-content\/uploads\/2022\/08\/VINIFERA-SAUVIGNON-site-web-carre-scaled.jpg","contentUrl":"https:\/\/henry-marionnet.com\/wp-content\/uploads\/2022\/08\/VINIFERA-SAUVIGNON-site-web-carre-scaled.jpg","width":2560,"height":2560},{"@type":"BreadcrumbList","@id":"https:\/\/henry-marionnet.com\/products\/vinifera-sauvignon\/#breadcrumb","itemListElement":[{"@type":"ListItem","position":1,"name":"Accueil","item":"https:\/\/henry-marionnet.com\/"},{"@type":"ListItem","position":2,"name":"Acheter","item":"https:\/\/henry-marionnet.com\/acheter\/"},{"@type":"ListItem","position":3,"name":"Vinifera Sauvignon"}]},{"@type":"WebSite","@id":"https:\/\/henry-marionnet.com\/#website","url":"https:\/\/henry-marionnet.com\/","name":"Henry Marionnet","description":"Vins du Domaine de la Charmoise","publisher":{"@id":"https:\/\/henry-marionnet.com\/#organization"},"potentialAction":[{"@type":"SearchAction","target":{"@type":"EntryPoint","urlTemplate":"https:\/\/henry-marionnet.com\/?s={search_term_string}"},"query-input":{"@type":"PropertyValueSpecification","valueRequired":true,"valueName":"search_term_string"}}],"inLanguage":"en-US"},{"@type":"Organization","@id":"https:\/\/henry-marionnet.com\/#organization","name":"Henry Marionnet","url":"https:\/\/henry-marionnet.com\/","logo":{"@type":"ImageObject","inLanguage":"en-US","@id":"https:\/\/henry-marionnet.com\/#\/schema\/logo\/image\/","url":"https:\/\/henry-marionnet.com\/wp-content\/uploads\/2022\/07\/Logo-Henry-Marionnet.svg","contentUrl":"https:\/\/henry-marionnet.com\/wp-content\/uploads\/2022\/07\/Logo-Henry-Marionnet.svg","width":265,"height":191,"caption":"Henry Marionnet"},"image":{"@id":"https:\/\/henry-marionnet.com\/#\/schema\/logo\/image\/"},"sameAs":["https:\/\/www.facebook.com\/HenryMarionnet\/","https:\/\/www.instagram.com\/henrymarionnet\/"]}]}},"_links":{"self":[{"href":"https:\/\/henry-marionnet.com\/en\/wp-json\/wp\/v2\/product\/7179","targetHints":{"allow":["GET"]}}],"collection":[{"href":"https:\/\/henry-marionnet.com\/en\/wp-json\/wp\/v2\/product"}],"about":[{"href":"https:\/\/henry-marionnet.com\/en\/wp-json\/wp\/v2\/types\/product"}],"replies":[{"embeddable":true,"href":"https:\/\/henry-marionnet.com\/en\/wp-json\/wp\/v2\/comments?post=7179"}],"wp:featuredmedia":[{"embeddable":true,"href":"https:\/\/henry-marionnet.com\/en\/wp-json\/wp\/v2\/media\/9160"}],"wp:attachment":[{"href":"https:\/\/henry-marionnet.com\/en\/wp-json\/wp\/v2\/media?parent=7179"}],"wp:term":[{"taxonomy":"product_cat","embeddable":true,"href":"https:\/\/henry-marionnet.com\/en\/wp-json\/wp\/v2\/product_cat?post=7179"},{"taxonomy":"product_tag","embeddable":true,"href":"https:\/\/henry-marionnet.com\/en\/wp-json\/wp\/v2\/product_tag?post=7179"}],"curies":[{"name":"wp","href":"https:\/\/api.w.org\/{rel}","templated":true}]}}