{"id":7178,"date":"2022-08-13T11:38:41","date_gmt":"2022-08-13T10:38:41","guid":{"rendered":"http:\/\/hgdb5641.odns.fr\/products\/vinifera-chenin\/"},"modified":"2026-04-13T11:18:16","modified_gmt":"2026-04-13T10:18:16","slug":"vinifera-chenin","status":"publish","type":"product","link":"https:\/\/henry-marionnet.com\/en\/products\/vinifera-chenin\/","title":{"rendered":"Vinifera Chenin"},"content":{"rendered":"<p>This cuv\u00e9e was made from an ungrafted French line, planted in 1979. This wine has an exceptional finesse with a subtle, floral and mineral nose.<br \/>\nIt is quite lively and complex in the mouth with notes of apple and beeswax. As with the Sauvignon, this is a vintage of incomparable elegance and class.<\/p>\n<p>To drink on its youth, 4 years.<br \/>\nTo be enjoyed chilled at 7-8\u00b0C.<\/p>","protected":false},"excerpt":{"rendered":"<p>Cette cuv\u00e9e \u00e0 \u00e9t\u00e9 r\u00e9alis\u00e9e \u00e0 partir d&rsquo;une ligne fran\u00e7aise non greff\u00e9e, plant\u00e9e en 1979. Ce vin est d&rsquo;une finesse exceptionnelle avec un nez subtil, floral et min\u00e9ral. Il est assez vif et complexe en bouche avec des notes de pomme et de cire d&rsquo;abeille. Comme dans le Sauvignon, c&rsquo;est une cuv\u00e9e d&rsquo;un \u00e9l\u00e9gance et [&hellip;]<\/p>\n","protected":false},"featured_media":7255,"comment_status":"open","ping_status":"closed","template":"","meta":{"inline_featured_image":false},"product_cat":[57],"product_tag":[70,92,78,74,65],"class_list":{"0":"post-7178","1":"product","2":"type-product","3":"status-publish","4":"has-post-thumbnail","6":"product_cat-vignes-uniques-non-greffees","7":"product_tag-agriculture-biologique","8":"product_tag-chenin","9":"product_tag-igp-val-de-loire","10":"product_tag-vignes-non-greffees","11":"product_tag-vins-blancs","13":"first","14":"outofstock","15":"taxable","16":"shipping-taxable","17":"purchasable","18":"product-type-variable","19":"has-default-attributes"},"yoast_head":"<!-- This site is optimized with the Yoast SEO plugin v27.5 - https:\/\/yoast.com\/product\/yoast-seo-wordpress\/ -->\n<title>Vinifera Chenin - Henry Marionnet<\/title>\n<meta name=\"description\" content=\"Cette cuv\u00e9e \u00e0 \u00e9t\u00e9 r\u00e9alis\u00e9e \u00e0 partir d&#039;une ligne fran\u00e7aise non greff\u00e9e, plant\u00e9e en 1979. Ce vin est d&#039;une finesse exceptionnelle avec un nez subtil, floral\" \/>\n<meta name=\"robots\" content=\"index, follow, max-snippet:-1, max-image-preview:large, max-video-preview:-1\" \/>\n<link rel=\"canonical\" href=\"https:\/\/henry-marionnet.com\/en\/products\/vinifera-chenin\/\" \/>\n<meta property=\"og:locale\" content=\"en_US\" \/>\n<meta property=\"og:type\" content=\"article\" \/>\n<meta property=\"og:title\" content=\"Vinifera Chenin - Henry Marionnet\" \/>\n<meta property=\"og:description\" content=\"Cette cuv\u00e9e \u00e0 \u00e9t\u00e9 r\u00e9alis\u00e9e \u00e0 partir d&#039;une ligne fran\u00e7aise non greff\u00e9e, plant\u00e9e en 1979. Ce vin est d&#039;une finesse exceptionnelle avec un nez subtil, floral\" \/>\n<meta property=\"og:url\" content=\"https:\/\/henry-marionnet.com\/en\/products\/vinifera-chenin\/\" \/>\n<meta property=\"og:site_name\" content=\"Henry Marionnet\" \/>\n<meta property=\"article:publisher\" content=\"https:\/\/www.facebook.com\/HenryMarionnet\/\" \/>\n<meta property=\"article:modified_time\" content=\"2026-04-13T10:18:16+00:00\" \/>\n<meta property=\"og:image\" content=\"https:\/\/henry-marionnet.com\/wp-content\/uploads\/2022\/08\/Vinifera-Chenin.png\" \/>\n\t<meta property=\"og:image:width\" content=\"3063\" \/>\n\t<meta property=\"og:image:height\" content=\"3063\" \/>\n\t<meta property=\"og:image:type\" content=\"image\/png\" \/>\n<meta name=\"twitter:card\" content=\"summary_large_image\" \/>\n<script type=\"application\/ld+json\" class=\"yoast-schema-graph\">{\"@context\":\"https:\\\/\\\/schema.org\",\"@graph\":[{\"@type\":\"WebPage\",\"@id\":\"https:\\\/\\\/henry-marionnet.com\\\/products\\\/vinifera-chenin\\\/\",\"url\":\"https:\\\/\\\/henry-marionnet.com\\\/products\\\/vinifera-chenin\\\/\",\"name\":\"Vinifera Chenin - Henry Marionnet\",\"isPartOf\":{\"@id\":\"https:\\\/\\\/henry-marionnet.com\\\/#website\"},\"primaryImageOfPage\":{\"@id\":\"https:\\\/\\\/henry-marionnet.com\\\/products\\\/vinifera-chenin\\\/#primaryimage\"},\"image\":{\"@id\":\"https:\\\/\\\/henry-marionnet.com\\\/products\\\/vinifera-chenin\\\/#primaryimage\"},\"thumbnailUrl\":\"https:\\\/\\\/henry-marionnet.com\\\/wp-content\\\/uploads\\\/2022\\\/08\\\/Vinifera-Chenin.png\",\"datePublished\":\"2022-08-13T10:38:41+00:00\",\"dateModified\":\"2026-04-13T10:18:16+00:00\",\"description\":\"Cette cuv\u00e9e \u00e0 \u00e9t\u00e9 r\u00e9alis\u00e9e \u00e0 partir d'une ligne fran\u00e7aise non greff\u00e9e, plant\u00e9e en 1979. Ce vin est d'une finesse exceptionnelle avec un nez subtil, floral\",\"breadcrumb\":{\"@id\":\"https:\\\/\\\/henry-marionnet.com\\\/products\\\/vinifera-chenin\\\/#breadcrumb\"},\"inLanguage\":\"en-US\",\"potentialAction\":[{\"@type\":\"ReadAction\",\"target\":[\"https:\\\/\\\/henry-marionnet.com\\\/products\\\/vinifera-chenin\\\/\"]}]},{\"@type\":\"ImageObject\",\"inLanguage\":\"en-US\",\"@id\":\"https:\\\/\\\/henry-marionnet.com\\\/products\\\/vinifera-chenin\\\/#primaryimage\",\"url\":\"https:\\\/\\\/henry-marionnet.com\\\/wp-content\\\/uploads\\\/2022\\\/08\\\/Vinifera-Chenin.png\",\"contentUrl\":\"https:\\\/\\\/henry-marionnet.com\\\/wp-content\\\/uploads\\\/2022\\\/08\\\/Vinifera-Chenin.png\",\"width\":3063,\"height\":3063,\"caption\":\"Vinifera sauvignon\"},{\"@type\":\"BreadcrumbList\",\"@id\":\"https:\\\/\\\/henry-marionnet.com\\\/products\\\/vinifera-chenin\\\/#breadcrumb\",\"itemListElement\":[{\"@type\":\"ListItem\",\"position\":1,\"name\":\"Accueil\",\"item\":\"https:\\\/\\\/henry-marionnet.com\\\/\"},{\"@type\":\"ListItem\",\"position\":2,\"name\":\"Acheter\",\"item\":\"https:\\\/\\\/henry-marionnet.com\\\/acheter\\\/\"},{\"@type\":\"ListItem\",\"position\":3,\"name\":\"Vinifera Chenin\"}]},{\"@type\":\"WebSite\",\"@id\":\"https:\\\/\\\/henry-marionnet.com\\\/#website\",\"url\":\"https:\\\/\\\/henry-marionnet.com\\\/\",\"name\":\"Henry Marionnet\",\"description\":\"Vins du Domaine de la Charmoise\",\"publisher\":{\"@id\":\"https:\\\/\\\/henry-marionnet.com\\\/#organization\"},\"potentialAction\":[{\"@type\":\"SearchAction\",\"target\":{\"@type\":\"EntryPoint\",\"urlTemplate\":\"https:\\\/\\\/henry-marionnet.com\\\/?s={search_term_string}\"},\"query-input\":{\"@type\":\"PropertyValueSpecification\",\"valueRequired\":true,\"valueName\":\"search_term_string\"}}],\"inLanguage\":\"en-US\"},{\"@type\":\"Organization\",\"@id\":\"https:\\\/\\\/henry-marionnet.com\\\/#organization\",\"name\":\"Henry Marionnet\",\"url\":\"https:\\\/\\\/henry-marionnet.com\\\/\",\"logo\":{\"@type\":\"ImageObject\",\"inLanguage\":\"en-US\",\"@id\":\"https:\\\/\\\/henry-marionnet.com\\\/#\\\/schema\\\/logo\\\/image\\\/\",\"url\":\"https:\\\/\\\/henry-marionnet.com\\\/wp-content\\\/uploads\\\/2022\\\/07\\\/Logo-Henry-Marionnet.svg\",\"contentUrl\":\"https:\\\/\\\/henry-marionnet.com\\\/wp-content\\\/uploads\\\/2022\\\/07\\\/Logo-Henry-Marionnet.svg\",\"width\":265,\"height\":191,\"caption\":\"Henry Marionnet\"},\"image\":{\"@id\":\"https:\\\/\\\/henry-marionnet.com\\\/#\\\/schema\\\/logo\\\/image\\\/\"},\"sameAs\":[\"https:\\\/\\\/www.facebook.com\\\/HenryMarionnet\\\/\",\"https:\\\/\\\/www.instagram.com\\\/henrymarionnet\\\/\"]}]}<\/script>\n<!-- \/ Yoast SEO plugin. -->","yoast_head_json":{"title":"Vinifera Chenin - Henry Marionnet","description":"Cette cuv\u00e9e \u00e0 \u00e9t\u00e9 r\u00e9alis\u00e9e \u00e0 partir d'une ligne fran\u00e7aise non greff\u00e9e, plant\u00e9e en 1979. Ce vin est d'une finesse exceptionnelle avec un nez subtil, floral","robots":{"index":"index","follow":"follow","max-snippet":"max-snippet:-1","max-image-preview":"max-image-preview:large","max-video-preview":"max-video-preview:-1"},"canonical":"https:\/\/henry-marionnet.com\/en\/products\/vinifera-chenin\/","og_locale":"en_US","og_type":"article","og_title":"Vinifera Chenin - Henry Marionnet","og_description":"Cette cuv\u00e9e \u00e0 \u00e9t\u00e9 r\u00e9alis\u00e9e \u00e0 partir d'une ligne fran\u00e7aise non greff\u00e9e, plant\u00e9e en 1979. Ce vin est d'une finesse exceptionnelle avec un nez subtil, floral","og_url":"https:\/\/henry-marionnet.com\/en\/products\/vinifera-chenin\/","og_site_name":"Henry Marionnet","article_publisher":"https:\/\/www.facebook.com\/HenryMarionnet\/","article_modified_time":"2026-04-13T10:18:16+00:00","og_image":[{"width":3063,"height":3063,"url":"https:\/\/henry-marionnet.com\/wp-content\/uploads\/2022\/08\/Vinifera-Chenin.png","type":"image\/png"}],"twitter_card":"summary_large_image","schema":{"@context":"https:\/\/schema.org","@graph":[{"@type":"WebPage","@id":"https:\/\/henry-marionnet.com\/products\/vinifera-chenin\/","url":"https:\/\/henry-marionnet.com\/products\/vinifera-chenin\/","name":"Vinifera Chenin - Henry Marionnet","isPartOf":{"@id":"https:\/\/henry-marionnet.com\/#website"},"primaryImageOfPage":{"@id":"https:\/\/henry-marionnet.com\/products\/vinifera-chenin\/#primaryimage"},"image":{"@id":"https:\/\/henry-marionnet.com\/products\/vinifera-chenin\/#primaryimage"},"thumbnailUrl":"https:\/\/henry-marionnet.com\/wp-content\/uploads\/2022\/08\/Vinifera-Chenin.png","datePublished":"2022-08-13T10:38:41+00:00","dateModified":"2026-04-13T10:18:16+00:00","description":"Cette cuv\u00e9e \u00e0 \u00e9t\u00e9 r\u00e9alis\u00e9e \u00e0 partir d'une ligne fran\u00e7aise non greff\u00e9e, plant\u00e9e en 1979. Ce vin est d'une finesse exceptionnelle avec un nez subtil, floral","breadcrumb":{"@id":"https:\/\/henry-marionnet.com\/products\/vinifera-chenin\/#breadcrumb"},"inLanguage":"en-US","potentialAction":[{"@type":"ReadAction","target":["https:\/\/henry-marionnet.com\/products\/vinifera-chenin\/"]}]},{"@type":"ImageObject","inLanguage":"en-US","@id":"https:\/\/henry-marionnet.com\/products\/vinifera-chenin\/#primaryimage","url":"https:\/\/henry-marionnet.com\/wp-content\/uploads\/2022\/08\/Vinifera-Chenin.png","contentUrl":"https:\/\/henry-marionnet.com\/wp-content\/uploads\/2022\/08\/Vinifera-Chenin.png","width":3063,"height":3063,"caption":"Vinifera sauvignon"},{"@type":"BreadcrumbList","@id":"https:\/\/henry-marionnet.com\/products\/vinifera-chenin\/#breadcrumb","itemListElement":[{"@type":"ListItem","position":1,"name":"Accueil","item":"https:\/\/henry-marionnet.com\/"},{"@type":"ListItem","position":2,"name":"Acheter","item":"https:\/\/henry-marionnet.com\/acheter\/"},{"@type":"ListItem","position":3,"name":"Vinifera Chenin"}]},{"@type":"WebSite","@id":"https:\/\/henry-marionnet.com\/#website","url":"https:\/\/henry-marionnet.com\/","name":"Henry Marionnet","description":"Vins du Domaine de la Charmoise","publisher":{"@id":"https:\/\/henry-marionnet.com\/#organization"},"potentialAction":[{"@type":"SearchAction","target":{"@type":"EntryPoint","urlTemplate":"https:\/\/henry-marionnet.com\/?s={search_term_string}"},"query-input":{"@type":"PropertyValueSpecification","valueRequired":true,"valueName":"search_term_string"}}],"inLanguage":"en-US"},{"@type":"Organization","@id":"https:\/\/henry-marionnet.com\/#organization","name":"Henry Marionnet","url":"https:\/\/henry-marionnet.com\/","logo":{"@type":"ImageObject","inLanguage":"en-US","@id":"https:\/\/henry-marionnet.com\/#\/schema\/logo\/image\/","url":"https:\/\/henry-marionnet.com\/wp-content\/uploads\/2022\/07\/Logo-Henry-Marionnet.svg","contentUrl":"https:\/\/henry-marionnet.com\/wp-content\/uploads\/2022\/07\/Logo-Henry-Marionnet.svg","width":265,"height":191,"caption":"Henry Marionnet"},"image":{"@id":"https:\/\/henry-marionnet.com\/#\/schema\/logo\/image\/"},"sameAs":["https:\/\/www.facebook.com\/HenryMarionnet\/","https:\/\/www.instagram.com\/henrymarionnet\/"]}]}},"_links":{"self":[{"href":"https:\/\/henry-marionnet.com\/en\/wp-json\/wp\/v2\/product\/7178","targetHints":{"allow":["GET"]}}],"collection":[{"href":"https:\/\/henry-marionnet.com\/en\/wp-json\/wp\/v2\/product"}],"about":[{"href":"https:\/\/henry-marionnet.com\/en\/wp-json\/wp\/v2\/types\/product"}],"replies":[{"embeddable":true,"href":"https:\/\/henry-marionnet.com\/en\/wp-json\/wp\/v2\/comments?post=7178"}],"wp:featuredmedia":[{"embeddable":true,"href":"https:\/\/henry-marionnet.com\/en\/wp-json\/wp\/v2\/media\/7255"}],"wp:attachment":[{"href":"https:\/\/henry-marionnet.com\/en\/wp-json\/wp\/v2\/media?parent=7178"}],"wp:term":[{"taxonomy":"product_cat","embeddable":true,"href":"https:\/\/henry-marionnet.com\/en\/wp-json\/wp\/v2\/product_cat?post=7178"},{"taxonomy":"product_tag","embeddable":true,"href":"https:\/\/henry-marionnet.com\/en\/wp-json\/wp\/v2\/product_tag?post=7178"}],"curies":[{"name":"wp","href":"https:\/\/api.w.org\/{rel}","templated":true}]}}