{"id":7174,"date":"2022-08-13T11:38:39","date_gmt":"2022-08-13T10:38:39","guid":{"rendered":"http:\/\/hgdb5641.odns.fr\/products\/premiere-vendange\/"},"modified":"2026-03-30T13:45:30","modified_gmt":"2026-03-30T12:45:30","slug":"premiere-vendange","status":"publish","type":"product","link":"https:\/\/henry-marionnet.com\/en\/products\/premiere-vendange\/","title":{"rendered":"Premi\u00e8re vendange"},"content":{"rendered":"<p data-mce-fragment=\"1\">The Gamay grapes were hand-picked in small baskets and then fermented in vats under totally natural conditions. The vinification, the maturing and the bottling were carried out without any addition of sulfur, an essential element in the elaboration and the conservation of the wine.<\/p>\n<p data-mce-fragment=\"1\">This approach is spectacular but truly perilous because it is impossible in principle to make wine without protecting it. Thus, everything is done in total respect of nature, and the bottling is done in March, after the passage of cold, with very strict conditions of hygiene.<\/p>\n<p data-mce-fragment=\"1\">It is richer in color, fullness and complexity than normal Gamay because it has no sulfur, so all the yeast can ferment and express itself. It is truly an exceptional wine. Its aromas are marked by black fruits: blackberries, blackcurrants, black cherries and red fruits: strawberries and raspberries. It is the wine of joy, of pleasure, of nature rediscovered and of course of celebration!<\/p>\n<p data-mce-fragment=\"1\">To be drunk young, 2-4 years for the brightness of its fruit and between 12-14\u00b0C<\/p>","protected":false},"excerpt":{"rendered":"<p>Ce Gamay cueilli \u00e0 la main en petit panier, a ensuite ferment\u00e9 en cuves dans des conditions totalement naturelles. La vinification, l\u2019\u00e9levage puis la mise en bouteilles ont \u00e9t\u00e9 r\u00e9alis\u00e9s sans aucun apport de soufre, \u00e9l\u00e9ment pourtant indispensable dans l&rsquo;\u00e9laboration et la conservation du vin. Cette d\u00e9marche est spectaculaire mais v\u00e9ritablement p\u00e9rilleuse car il est [&hellip;]<\/p>\n","protected":false},"featured_media":7248,"comment_status":"open","ping_status":"closed","template":"","meta":{"inline_featured_image":false},"product_cat":[56],"product_tag":[70,61,64,62,59],"class_list":{"0":"post-7174","1":"product","2":"type-product","3":"status-publish","4":"has-post-thumbnail","6":"product_cat-cuvees-speciales","7":"product_tag-agriculture-biologique","8":"product_tag-domaine-de-la-charmoise","9":"product_tag-gamay","10":"product_tag-vin-rouge-gamay","11":"product_tag-vins-rouges","13":"first","14":"instock","15":"taxable","16":"shipping-taxable","17":"purchasable","18":"product-type-variable"},"yoast_head":"<!-- This site is optimized with the Yoast SEO plugin v27.5 - https:\/\/yoast.com\/product\/yoast-seo-wordpress\/ -->\n<title>Premi\u00e8re vendange - Henry Marionnet<\/title>\n<meta name=\"description\" content=\"Ce Gamay cueilli \u00e0 la main en petit panier, a ensuite ferment\u00e9 en cuves dans des conditions totalement naturelles. La vinification, l\u2019\u00e9levage puis la mise\" \/>\n<meta name=\"robots\" content=\"index, follow, max-snippet:-1, max-image-preview:large, max-video-preview:-1\" \/>\n<link rel=\"canonical\" href=\"https:\/\/henry-marionnet.com\/en\/products\/premiere-vendange\/\" \/>\n<meta property=\"og:locale\" content=\"en_US\" \/>\n<meta property=\"og:type\" content=\"article\" \/>\n<meta property=\"og:title\" content=\"Premi\u00e8re vendange - Henry Marionnet\" \/>\n<meta property=\"og:description\" content=\"Ce Gamay cueilli \u00e0 la main en petit panier, a ensuite ferment\u00e9 en cuves dans des conditions totalement naturelles. La vinification, l\u2019\u00e9levage puis la mise\" \/>\n<meta property=\"og:url\" content=\"https:\/\/henry-marionnet.com\/en\/products\/premiere-vendange\/\" \/>\n<meta property=\"og:site_name\" content=\"Henry Marionnet\" \/>\n<meta property=\"article:publisher\" content=\"https:\/\/www.facebook.com\/HenryMarionnet\/\" \/>\n<meta property=\"article:modified_time\" content=\"2026-03-30T12:45:30+00:00\" \/>\n<meta property=\"og:image\" content=\"https:\/\/henry-marionnet.com\/wp-content\/uploads\/2022\/08\/premiere-vendange.png\" \/>\n\t<meta property=\"og:image:width\" content=\"3063\" \/>\n\t<meta property=\"og:image:height\" content=\"3063\" \/>\n\t<meta property=\"og:image:type\" content=\"image\/png\" \/>\n<meta name=\"twitter:card\" content=\"summary_large_image\" \/>\n<meta name=\"twitter:label1\" content=\"Est. reading time\" \/>\n\t<meta name=\"twitter:data1\" content=\"1 minute\" \/>\n<script type=\"application\/ld+json\" class=\"yoast-schema-graph\">{\"@context\":\"https:\\\/\\\/schema.org\",\"@graph\":[{\"@type\":\"WebPage\",\"@id\":\"https:\\\/\\\/henry-marionnet.com\\\/products\\\/premiere-vendange\\\/\",\"url\":\"https:\\\/\\\/henry-marionnet.com\\\/products\\\/premiere-vendange\\\/\",\"name\":\"Premi\u00e8re vendange - Henry Marionnet\",\"isPartOf\":{\"@id\":\"https:\\\/\\\/henry-marionnet.com\\\/#website\"},\"primaryImageOfPage\":{\"@id\":\"https:\\\/\\\/henry-marionnet.com\\\/products\\\/premiere-vendange\\\/#primaryimage\"},\"image\":{\"@id\":\"https:\\\/\\\/henry-marionnet.com\\\/products\\\/premiere-vendange\\\/#primaryimage\"},\"thumbnailUrl\":\"https:\\\/\\\/henry-marionnet.com\\\/wp-content\\\/uploads\\\/2022\\\/08\\\/premiere-vendange.png\",\"datePublished\":\"2022-08-13T10:38:39+00:00\",\"dateModified\":\"2026-03-30T12:45:30+00:00\",\"description\":\"Ce Gamay cueilli \u00e0 la main en petit panier, a ensuite ferment\u00e9 en cuves dans des conditions totalement naturelles. La vinification, l\u2019\u00e9levage puis la mise\",\"breadcrumb\":{\"@id\":\"https:\\\/\\\/henry-marionnet.com\\\/products\\\/premiere-vendange\\\/#breadcrumb\"},\"inLanguage\":\"en-US\",\"potentialAction\":[{\"@type\":\"ReadAction\",\"target\":[\"https:\\\/\\\/henry-marionnet.com\\\/products\\\/premiere-vendange\\\/\"]}]},{\"@type\":\"ImageObject\",\"inLanguage\":\"en-US\",\"@id\":\"https:\\\/\\\/henry-marionnet.com\\\/products\\\/premiere-vendange\\\/#primaryimage\",\"url\":\"https:\\\/\\\/henry-marionnet.com\\\/wp-content\\\/uploads\\\/2022\\\/08\\\/premiere-vendange.png\",\"contentUrl\":\"https:\\\/\\\/henry-marionnet.com\\\/wp-content\\\/uploads\\\/2022\\\/08\\\/premiere-vendange.png\",\"width\":3063,\"height\":3063,\"caption\":\"premiere vendange\"},{\"@type\":\"BreadcrumbList\",\"@id\":\"https:\\\/\\\/henry-marionnet.com\\\/products\\\/premiere-vendange\\\/#breadcrumb\",\"itemListElement\":[{\"@type\":\"ListItem\",\"position\":1,\"name\":\"Accueil\",\"item\":\"https:\\\/\\\/henry-marionnet.com\\\/\"},{\"@type\":\"ListItem\",\"position\":2,\"name\":\"Acheter\",\"item\":\"https:\\\/\\\/henry-marionnet.com\\\/acheter\\\/\"},{\"@type\":\"ListItem\",\"position\":3,\"name\":\"Premi\u00e8re vendange\"}]},{\"@type\":\"WebSite\",\"@id\":\"https:\\\/\\\/henry-marionnet.com\\\/#website\",\"url\":\"https:\\\/\\\/henry-marionnet.com\\\/\",\"name\":\"Henry Marionnet\",\"description\":\"Vins du Domaine de la Charmoise\",\"publisher\":{\"@id\":\"https:\\\/\\\/henry-marionnet.com\\\/#organization\"},\"potentialAction\":[{\"@type\":\"SearchAction\",\"target\":{\"@type\":\"EntryPoint\",\"urlTemplate\":\"https:\\\/\\\/henry-marionnet.com\\\/?s={search_term_string}\"},\"query-input\":{\"@type\":\"PropertyValueSpecification\",\"valueRequired\":true,\"valueName\":\"search_term_string\"}}],\"inLanguage\":\"en-US\"},{\"@type\":\"Organization\",\"@id\":\"https:\\\/\\\/henry-marionnet.com\\\/#organization\",\"name\":\"Henry Marionnet\",\"url\":\"https:\\\/\\\/henry-marionnet.com\\\/\",\"logo\":{\"@type\":\"ImageObject\",\"inLanguage\":\"en-US\",\"@id\":\"https:\\\/\\\/henry-marionnet.com\\\/#\\\/schema\\\/logo\\\/image\\\/\",\"url\":\"https:\\\/\\\/henry-marionnet.com\\\/wp-content\\\/uploads\\\/2022\\\/07\\\/Logo-Henry-Marionnet.svg\",\"contentUrl\":\"https:\\\/\\\/henry-marionnet.com\\\/wp-content\\\/uploads\\\/2022\\\/07\\\/Logo-Henry-Marionnet.svg\",\"width\":265,\"height\":191,\"caption\":\"Henry Marionnet\"},\"image\":{\"@id\":\"https:\\\/\\\/henry-marionnet.com\\\/#\\\/schema\\\/logo\\\/image\\\/\"},\"sameAs\":[\"https:\\\/\\\/www.facebook.com\\\/HenryMarionnet\\\/\",\"https:\\\/\\\/www.instagram.com\\\/henrymarionnet\\\/\"]}]}<\/script>\n<!-- \/ Yoast SEO plugin. -->","yoast_head_json":{"title":"Premi\u00e8re vendange - Henry Marionnet","description":"Ce Gamay cueilli \u00e0 la main en petit panier, a ensuite ferment\u00e9 en cuves dans des conditions totalement naturelles. La vinification, l\u2019\u00e9levage puis la mise","robots":{"index":"index","follow":"follow","max-snippet":"max-snippet:-1","max-image-preview":"max-image-preview:large","max-video-preview":"max-video-preview:-1"},"canonical":"https:\/\/henry-marionnet.com\/en\/products\/premiere-vendange\/","og_locale":"en_US","og_type":"article","og_title":"Premi\u00e8re vendange - Henry Marionnet","og_description":"Ce Gamay cueilli \u00e0 la main en petit panier, a ensuite ferment\u00e9 en cuves dans des conditions totalement naturelles. La vinification, l\u2019\u00e9levage puis la mise","og_url":"https:\/\/henry-marionnet.com\/en\/products\/premiere-vendange\/","og_site_name":"Henry Marionnet","article_publisher":"https:\/\/www.facebook.com\/HenryMarionnet\/","article_modified_time":"2026-03-30T12:45:30+00:00","og_image":[{"width":3063,"height":3063,"url":"https:\/\/henry-marionnet.com\/wp-content\/uploads\/2022\/08\/premiere-vendange.png","type":"image\/png"}],"twitter_card":"summary_large_image","twitter_misc":{"Est. reading time":"1 minute"},"schema":{"@context":"https:\/\/schema.org","@graph":[{"@type":"WebPage","@id":"https:\/\/henry-marionnet.com\/products\/premiere-vendange\/","url":"https:\/\/henry-marionnet.com\/products\/premiere-vendange\/","name":"Premi\u00e8re vendange - Henry Marionnet","isPartOf":{"@id":"https:\/\/henry-marionnet.com\/#website"},"primaryImageOfPage":{"@id":"https:\/\/henry-marionnet.com\/products\/premiere-vendange\/#primaryimage"},"image":{"@id":"https:\/\/henry-marionnet.com\/products\/premiere-vendange\/#primaryimage"},"thumbnailUrl":"https:\/\/henry-marionnet.com\/wp-content\/uploads\/2022\/08\/premiere-vendange.png","datePublished":"2022-08-13T10:38:39+00:00","dateModified":"2026-03-30T12:45:30+00:00","description":"Ce Gamay cueilli \u00e0 la main en petit panier, a ensuite ferment\u00e9 en cuves dans des conditions totalement naturelles. La vinification, l\u2019\u00e9levage puis la mise","breadcrumb":{"@id":"https:\/\/henry-marionnet.com\/products\/premiere-vendange\/#breadcrumb"},"inLanguage":"en-US","potentialAction":[{"@type":"ReadAction","target":["https:\/\/henry-marionnet.com\/products\/premiere-vendange\/"]}]},{"@type":"ImageObject","inLanguage":"en-US","@id":"https:\/\/henry-marionnet.com\/products\/premiere-vendange\/#primaryimage","url":"https:\/\/henry-marionnet.com\/wp-content\/uploads\/2022\/08\/premiere-vendange.png","contentUrl":"https:\/\/henry-marionnet.com\/wp-content\/uploads\/2022\/08\/premiere-vendange.png","width":3063,"height":3063,"caption":"premiere vendange"},{"@type":"BreadcrumbList","@id":"https:\/\/henry-marionnet.com\/products\/premiere-vendange\/#breadcrumb","itemListElement":[{"@type":"ListItem","position":1,"name":"Accueil","item":"https:\/\/henry-marionnet.com\/"},{"@type":"ListItem","position":2,"name":"Acheter","item":"https:\/\/henry-marionnet.com\/acheter\/"},{"@type":"ListItem","position":3,"name":"Premi\u00e8re vendange"}]},{"@type":"WebSite","@id":"https:\/\/henry-marionnet.com\/#website","url":"https:\/\/henry-marionnet.com\/","name":"Henry Marionnet","description":"Vins du Domaine de la Charmoise","publisher":{"@id":"https:\/\/henry-marionnet.com\/#organization"},"potentialAction":[{"@type":"SearchAction","target":{"@type":"EntryPoint","urlTemplate":"https:\/\/henry-marionnet.com\/?s={search_term_string}"},"query-input":{"@type":"PropertyValueSpecification","valueRequired":true,"valueName":"search_term_string"}}],"inLanguage":"en-US"},{"@type":"Organization","@id":"https:\/\/henry-marionnet.com\/#organization","name":"Henry Marionnet","url":"https:\/\/henry-marionnet.com\/","logo":{"@type":"ImageObject","inLanguage":"en-US","@id":"https:\/\/henry-marionnet.com\/#\/schema\/logo\/image\/","url":"https:\/\/henry-marionnet.com\/wp-content\/uploads\/2022\/07\/Logo-Henry-Marionnet.svg","contentUrl":"https:\/\/henry-marionnet.com\/wp-content\/uploads\/2022\/07\/Logo-Henry-Marionnet.svg","width":265,"height":191,"caption":"Henry Marionnet"},"image":{"@id":"https:\/\/henry-marionnet.com\/#\/schema\/logo\/image\/"},"sameAs":["https:\/\/www.facebook.com\/HenryMarionnet\/","https:\/\/www.instagram.com\/henrymarionnet\/"]}]}},"_links":{"self":[{"href":"https:\/\/henry-marionnet.com\/en\/wp-json\/wp\/v2\/product\/7174","targetHints":{"allow":["GET"]}}],"collection":[{"href":"https:\/\/henry-marionnet.com\/en\/wp-json\/wp\/v2\/product"}],"about":[{"href":"https:\/\/henry-marionnet.com\/en\/wp-json\/wp\/v2\/types\/product"}],"replies":[{"embeddable":true,"href":"https:\/\/henry-marionnet.com\/en\/wp-json\/wp\/v2\/comments?post=7174"}],"wp:featuredmedia":[{"embeddable":true,"href":"https:\/\/henry-marionnet.com\/en\/wp-json\/wp\/v2\/media\/7248"}],"wp:attachment":[{"href":"https:\/\/henry-marionnet.com\/en\/wp-json\/wp\/v2\/media?parent=7174"}],"wp:term":[{"taxonomy":"product_cat","embeddable":true,"href":"https:\/\/henry-marionnet.com\/en\/wp-json\/wp\/v2\/product_cat?post=7174"},{"taxonomy":"product_tag","embeddable":true,"href":"https:\/\/henry-marionnet.com\/en\/wp-json\/wp\/v2\/product_tag?post=7174"}],"curies":[{"name":"wp","href":"https:\/\/api.w.org\/{rel}","templated":true}]}}