{"id":7173,"date":"2022-08-13T11:38:39","date_gmt":"2022-08-13T10:38:39","guid":{"rendered":"http:\/\/hgdb5641.odns.fr\/products\/vinifera-malbec-ou-cot\/"},"modified":"2026-04-03T14:40:35","modified_gmt":"2026-04-03T13:40:35","slug":"vinifera-malbec-ou-cot","status":"publish","type":"product","link":"https:\/\/henry-marionnet.com\/en\/products\/vinifera-malbec-ou-cot\/","title":{"rendered":"Vinifera Malbec (C\u00f4t)"},"content":{"rendered":"<p>The wine we obtain here is a real phenomenon of colors, aromas, matter and also sweetness... Its hue is not red but black. Its aromas are bewitching, with the blackcurrant very dominant, then the extracts of blueberry, blackberry and violet which complete its expression.<br \/>\nThe mouth is impressive, with an enormous matter, an incredible density, but which finishes in a completely velvety softness.<\/p>\n<p>To be enjoyed between 12-14\u00b0C.<\/p>","protected":false},"excerpt":{"rendered":"<p>Le vin que l&rsquo;on obtient ici est un v\u00e9ritable ph\u00e9nom\u00e8ne de couleurs, d&rsquo;ar\u00f4mes, de mati\u00e8re et aussi de douceur&#8230; Sa teinte n&rsquo;est pas rouge mais noire. Ses ar\u00f4mes sont envo\u00fbtants, avec le cassis tr\u00e8s dominant, puis les extraits de myrtille, de m\u00fbre et de violette qui compl\u00e8tent son expression. La bouche est impressionnante, avec une [&hellip;]<\/p>\n","protected":false},"featured_media":7256,"comment_status":"open","ping_status":"closed","template":"","meta":{"inline_featured_image":false},"product_cat":[57],"product_tag":[70,77,76,71,74,59],"class_list":{"0":"post-7173","1":"product","2":"type-product","3":"status-publish","4":"has-post-thumbnail","6":"product_cat-vignes-uniques-non-greffees","7":"product_tag-agriculture-biologique","8":"product_tag-cot","9":"product_tag-malbec","10":"product_tag-touraine-aoc","11":"product_tag-vignes-non-greffees","12":"product_tag-vins-rouges","14":"first","15":"instock","16":"taxable","17":"shipping-taxable","18":"purchasable","19":"product-type-variable","20":"has-default-attributes"},"yoast_head":"<!-- This site is optimized with the Yoast SEO plugin v27.5 - https:\/\/yoast.com\/product\/yoast-seo-wordpress\/ -->\n<title>Vinifera Malbec (C\u00f4t) - Henry Marionnet<\/title>\n<meta name=\"description\" content=\"Le vin que l&#039;on obtient ici est un v\u00e9ritable ph\u00e9nom\u00e8ne de couleurs, d&#039;ar\u00f4mes, de mati\u00e8re et aussi de douceur... Sa teinte n&#039;est pas rouge mais noire. Ses\" \/>\n<meta name=\"robots\" content=\"index, follow, max-snippet:-1, max-image-preview:large, max-video-preview:-1\" \/>\n<link rel=\"canonical\" href=\"https:\/\/henry-marionnet.com\/en\/products\/vinifera-malbec-ou-cot\/\" \/>\n<meta property=\"og:locale\" content=\"en_US\" \/>\n<meta property=\"og:type\" content=\"article\" \/>\n<meta property=\"og:title\" content=\"Vinifera Malbec (C\u00f4t) - Henry Marionnet\" \/>\n<meta property=\"og:description\" content=\"Le vin que l&#039;on obtient ici est un v\u00e9ritable ph\u00e9nom\u00e8ne de couleurs, d&#039;ar\u00f4mes, de mati\u00e8re et aussi de douceur... Sa teinte n&#039;est pas rouge mais noire. Ses\" \/>\n<meta property=\"og:url\" content=\"https:\/\/henry-marionnet.com\/en\/products\/vinifera-malbec-ou-cot\/\" \/>\n<meta property=\"og:site_name\" content=\"Henry Marionnet\" \/>\n<meta property=\"article:publisher\" content=\"https:\/\/www.facebook.com\/HenryMarionnet\/\" \/>\n<meta property=\"article:modified_time\" content=\"2026-04-03T13:40:35+00:00\" \/>\n<meta property=\"og:image\" content=\"https:\/\/henry-marionnet.com\/wp-content\/uploads\/2022\/08\/Vinifera-rouge.png\" \/>\n\t<meta property=\"og:image:width\" content=\"3063\" \/>\n\t<meta property=\"og:image:height\" content=\"3063\" \/>\n\t<meta property=\"og:image:type\" content=\"image\/png\" \/>\n<meta name=\"twitter:card\" content=\"summary_large_image\" \/>\n<meta name=\"twitter:label1\" content=\"Est. reading time\" \/>\n\t<meta name=\"twitter:data1\" content=\"1 minute\" \/>\n<script type=\"application\/ld+json\" class=\"yoast-schema-graph\">{\"@context\":\"https:\\\/\\\/schema.org\",\"@graph\":[{\"@type\":\"WebPage\",\"@id\":\"https:\\\/\\\/henry-marionnet.com\\\/products\\\/vinifera-malbec-ou-cot\\\/\",\"url\":\"https:\\\/\\\/henry-marionnet.com\\\/products\\\/vinifera-malbec-ou-cot\\\/\",\"name\":\"Vinifera Malbec (C\u00f4t) - Henry Marionnet\",\"isPartOf\":{\"@id\":\"https:\\\/\\\/henry-marionnet.com\\\/#website\"},\"primaryImageOfPage\":{\"@id\":\"https:\\\/\\\/henry-marionnet.com\\\/products\\\/vinifera-malbec-ou-cot\\\/#primaryimage\"},\"image\":{\"@id\":\"https:\\\/\\\/henry-marionnet.com\\\/products\\\/vinifera-malbec-ou-cot\\\/#primaryimage\"},\"thumbnailUrl\":\"https:\\\/\\\/henry-marionnet.com\\\/wp-content\\\/uploads\\\/2022\\\/08\\\/Vinifera-rouge.png\",\"datePublished\":\"2022-08-13T10:38:39+00:00\",\"dateModified\":\"2026-04-03T13:40:35+00:00\",\"description\":\"Le vin que l'on obtient ici est un v\u00e9ritable ph\u00e9nom\u00e8ne de couleurs, d'ar\u00f4mes, de mati\u00e8re et aussi de douceur... Sa teinte n'est pas rouge mais noire. Ses\",\"breadcrumb\":{\"@id\":\"https:\\\/\\\/henry-marionnet.com\\\/products\\\/vinifera-malbec-ou-cot\\\/#breadcrumb\"},\"inLanguage\":\"en-US\",\"potentialAction\":[{\"@type\":\"ReadAction\",\"target\":[\"https:\\\/\\\/henry-marionnet.com\\\/products\\\/vinifera-malbec-ou-cot\\\/\"]}]},{\"@type\":\"ImageObject\",\"inLanguage\":\"en-US\",\"@id\":\"https:\\\/\\\/henry-marionnet.com\\\/products\\\/vinifera-malbec-ou-cot\\\/#primaryimage\",\"url\":\"https:\\\/\\\/henry-marionnet.com\\\/wp-content\\\/uploads\\\/2022\\\/08\\\/Vinifera-rouge.png\",\"contentUrl\":\"https:\\\/\\\/henry-marionnet.com\\\/wp-content\\\/uploads\\\/2022\\\/08\\\/Vinifera-rouge.png\",\"width\":3063,\"height\":3063,\"caption\":\"Vinifera sauvignon\"},{\"@type\":\"BreadcrumbList\",\"@id\":\"https:\\\/\\\/henry-marionnet.com\\\/products\\\/vinifera-malbec-ou-cot\\\/#breadcrumb\",\"itemListElement\":[{\"@type\":\"ListItem\",\"position\":1,\"name\":\"Accueil\",\"item\":\"https:\\\/\\\/henry-marionnet.com\\\/\"},{\"@type\":\"ListItem\",\"position\":2,\"name\":\"Acheter\",\"item\":\"https:\\\/\\\/henry-marionnet.com\\\/acheter\\\/\"},{\"@type\":\"ListItem\",\"position\":3,\"name\":\"Vinifera Malbec (C\u00f4t)\"}]},{\"@type\":\"WebSite\",\"@id\":\"https:\\\/\\\/henry-marionnet.com\\\/#website\",\"url\":\"https:\\\/\\\/henry-marionnet.com\\\/\",\"name\":\"Henry Marionnet\",\"description\":\"Vins du Domaine de la Charmoise\",\"publisher\":{\"@id\":\"https:\\\/\\\/henry-marionnet.com\\\/#organization\"},\"potentialAction\":[{\"@type\":\"SearchAction\",\"target\":{\"@type\":\"EntryPoint\",\"urlTemplate\":\"https:\\\/\\\/henry-marionnet.com\\\/?s={search_term_string}\"},\"query-input\":{\"@type\":\"PropertyValueSpecification\",\"valueRequired\":true,\"valueName\":\"search_term_string\"}}],\"inLanguage\":\"en-US\"},{\"@type\":\"Organization\",\"@id\":\"https:\\\/\\\/henry-marionnet.com\\\/#organization\",\"name\":\"Henry Marionnet\",\"url\":\"https:\\\/\\\/henry-marionnet.com\\\/\",\"logo\":{\"@type\":\"ImageObject\",\"inLanguage\":\"en-US\",\"@id\":\"https:\\\/\\\/henry-marionnet.com\\\/#\\\/schema\\\/logo\\\/image\\\/\",\"url\":\"https:\\\/\\\/henry-marionnet.com\\\/wp-content\\\/uploads\\\/2022\\\/07\\\/Logo-Henry-Marionnet.svg\",\"contentUrl\":\"https:\\\/\\\/henry-marionnet.com\\\/wp-content\\\/uploads\\\/2022\\\/07\\\/Logo-Henry-Marionnet.svg\",\"width\":265,\"height\":191,\"caption\":\"Henry Marionnet\"},\"image\":{\"@id\":\"https:\\\/\\\/henry-marionnet.com\\\/#\\\/schema\\\/logo\\\/image\\\/\"},\"sameAs\":[\"https:\\\/\\\/www.facebook.com\\\/HenryMarionnet\\\/\",\"https:\\\/\\\/www.instagram.com\\\/henrymarionnet\\\/\"]}]}<\/script>\n<!-- \/ Yoast SEO plugin. -->","yoast_head_json":{"title":"Vinifera Malbec (C\u00f4t) - Henry Marionnet","description":"Le vin que l'on obtient ici est un v\u00e9ritable ph\u00e9nom\u00e8ne de couleurs, d'ar\u00f4mes, de mati\u00e8re et aussi de douceur... Sa teinte n'est pas rouge mais noire. Ses","robots":{"index":"index","follow":"follow","max-snippet":"max-snippet:-1","max-image-preview":"max-image-preview:large","max-video-preview":"max-video-preview:-1"},"canonical":"https:\/\/henry-marionnet.com\/en\/products\/vinifera-malbec-ou-cot\/","og_locale":"en_US","og_type":"article","og_title":"Vinifera Malbec (C\u00f4t) - Henry Marionnet","og_description":"Le vin que l'on obtient ici est un v\u00e9ritable ph\u00e9nom\u00e8ne de couleurs, d'ar\u00f4mes, de mati\u00e8re et aussi de douceur... Sa teinte n'est pas rouge mais noire. Ses","og_url":"https:\/\/henry-marionnet.com\/en\/products\/vinifera-malbec-ou-cot\/","og_site_name":"Henry Marionnet","article_publisher":"https:\/\/www.facebook.com\/HenryMarionnet\/","article_modified_time":"2026-04-03T13:40:35+00:00","og_image":[{"width":3063,"height":3063,"url":"https:\/\/henry-marionnet.com\/wp-content\/uploads\/2022\/08\/Vinifera-rouge.png","type":"image\/png"}],"twitter_card":"summary_large_image","twitter_misc":{"Est. reading time":"1 minute"},"schema":{"@context":"https:\/\/schema.org","@graph":[{"@type":"WebPage","@id":"https:\/\/henry-marionnet.com\/products\/vinifera-malbec-ou-cot\/","url":"https:\/\/henry-marionnet.com\/products\/vinifera-malbec-ou-cot\/","name":"Vinifera Malbec (C\u00f4t) - Henry Marionnet","isPartOf":{"@id":"https:\/\/henry-marionnet.com\/#website"},"primaryImageOfPage":{"@id":"https:\/\/henry-marionnet.com\/products\/vinifera-malbec-ou-cot\/#primaryimage"},"image":{"@id":"https:\/\/henry-marionnet.com\/products\/vinifera-malbec-ou-cot\/#primaryimage"},"thumbnailUrl":"https:\/\/henry-marionnet.com\/wp-content\/uploads\/2022\/08\/Vinifera-rouge.png","datePublished":"2022-08-13T10:38:39+00:00","dateModified":"2026-04-03T13:40:35+00:00","description":"Le vin que l'on obtient ici est un v\u00e9ritable ph\u00e9nom\u00e8ne de couleurs, d'ar\u00f4mes, de mati\u00e8re et aussi de douceur... Sa teinte n'est pas rouge mais noire. Ses","breadcrumb":{"@id":"https:\/\/henry-marionnet.com\/products\/vinifera-malbec-ou-cot\/#breadcrumb"},"inLanguage":"en-US","potentialAction":[{"@type":"ReadAction","target":["https:\/\/henry-marionnet.com\/products\/vinifera-malbec-ou-cot\/"]}]},{"@type":"ImageObject","inLanguage":"en-US","@id":"https:\/\/henry-marionnet.com\/products\/vinifera-malbec-ou-cot\/#primaryimage","url":"https:\/\/henry-marionnet.com\/wp-content\/uploads\/2022\/08\/Vinifera-rouge.png","contentUrl":"https:\/\/henry-marionnet.com\/wp-content\/uploads\/2022\/08\/Vinifera-rouge.png","width":3063,"height":3063,"caption":"Vinifera sauvignon"},{"@type":"BreadcrumbList","@id":"https:\/\/henry-marionnet.com\/products\/vinifera-malbec-ou-cot\/#breadcrumb","itemListElement":[{"@type":"ListItem","position":1,"name":"Accueil","item":"https:\/\/henry-marionnet.com\/"},{"@type":"ListItem","position":2,"name":"Acheter","item":"https:\/\/henry-marionnet.com\/acheter\/"},{"@type":"ListItem","position":3,"name":"Vinifera Malbec (C\u00f4t)"}]},{"@type":"WebSite","@id":"https:\/\/henry-marionnet.com\/#website","url":"https:\/\/henry-marionnet.com\/","name":"Henry Marionnet","description":"Vins du Domaine de la Charmoise","publisher":{"@id":"https:\/\/henry-marionnet.com\/#organization"},"potentialAction":[{"@type":"SearchAction","target":{"@type":"EntryPoint","urlTemplate":"https:\/\/henry-marionnet.com\/?s={search_term_string}"},"query-input":{"@type":"PropertyValueSpecification","valueRequired":true,"valueName":"search_term_string"}}],"inLanguage":"en-US"},{"@type":"Organization","@id":"https:\/\/henry-marionnet.com\/#organization","name":"Henry Marionnet","url":"https:\/\/henry-marionnet.com\/","logo":{"@type":"ImageObject","inLanguage":"en-US","@id":"https:\/\/henry-marionnet.com\/#\/schema\/logo\/image\/","url":"https:\/\/henry-marionnet.com\/wp-content\/uploads\/2022\/07\/Logo-Henry-Marionnet.svg","contentUrl":"https:\/\/henry-marionnet.com\/wp-content\/uploads\/2022\/07\/Logo-Henry-Marionnet.svg","width":265,"height":191,"caption":"Henry Marionnet"},"image":{"@id":"https:\/\/henry-marionnet.com\/#\/schema\/logo\/image\/"},"sameAs":["https:\/\/www.facebook.com\/HenryMarionnet\/","https:\/\/www.instagram.com\/henrymarionnet\/"]}]}},"_links":{"self":[{"href":"https:\/\/henry-marionnet.com\/en\/wp-json\/wp\/v2\/product\/7173","targetHints":{"allow":["GET"]}}],"collection":[{"href":"https:\/\/henry-marionnet.com\/en\/wp-json\/wp\/v2\/product"}],"about":[{"href":"https:\/\/henry-marionnet.com\/en\/wp-json\/wp\/v2\/types\/product"}],"replies":[{"embeddable":true,"href":"https:\/\/henry-marionnet.com\/en\/wp-json\/wp\/v2\/comments?post=7173"}],"wp:featuredmedia":[{"embeddable":true,"href":"https:\/\/henry-marionnet.com\/en\/wp-json\/wp\/v2\/media\/7256"}],"wp:attachment":[{"href":"https:\/\/henry-marionnet.com\/en\/wp-json\/wp\/v2\/media?parent=7173"}],"wp:term":[{"taxonomy":"product_cat","embeddable":true,"href":"https:\/\/henry-marionnet.com\/en\/wp-json\/wp\/v2\/product_cat?post=7173"},{"taxonomy":"product_tag","embeddable":true,"href":"https:\/\/henry-marionnet.com\/en\/wp-json\/wp\/v2\/product_tag?post=7173"}],"curies":[{"name":"wp","href":"https:\/\/api.w.org\/{rel}","templated":true}]}}