{"id":7172,"date":"2022-08-13T11:38:39","date_gmt":"2022-08-13T10:38:39","guid":{"rendered":"http:\/\/hgdb5641.odns.fr\/products\/renaissance\/"},"modified":"2026-04-13T11:18:33","modified_gmt":"2026-04-13T10:18:33","slug":"renaissance","status":"publish","type":"product","link":"https:\/\/henry-marionnet.com\/en\/products\/renaissance\/","title":{"rendered":"Renaissance"},"content":{"rendered":"<p>This wine is unique in the world, because it was made with a parcel of Gamay planted without being grafted (franc de pied) in 1992, i.e. without the protection against phylloxera which had destroyed the world's vineyards in the 19th century.<\/p>\n<p>In addition, a special vinification was made without sulfur (sulfites). Here, the purity is total in the production and vinification!<br \/>\nJean-S\u00e9bastien has put into practice a totally new approach: to obtain a wine made completely naturally, without sulfur, with Gamay grapes from a non-grafted vine.<br \/>\nThe result is spectacular, and gives a racy, elegant wine with a very interesting ageing potential to develop even more complexity in its aromas.<br \/>\nThe color is very pronounced and its aromas are a festival of black fruits, blackberry, cherry and cassis.<br \/>\nThis wine is called \"Renaissance\" because it evokes both the Renaissance of a culture and a disappeared product, as well as the time when the wine thanks to its purity embellished the Ladies and delighted the heart of Men!<\/p>\n<p>To be enjoyed between 12 and 14 \u00b0C.<\/p>\n<p style=\"margin-bottom: 0cm;\" align=\"center\">","protected":false},"excerpt":{"rendered":"<p>Ce vin est unique au Monde, car il a \u00e9t\u00e9 r\u00e9alis\u00e9 avec une parcelle de Gamay plant\u00e9e sans \u00eatre greff\u00e9e (franc de pied) en 1992 c\u2019est-\u00e0-dire sans la protection contre le phyllox\u00e9ra qui avait d\u00e9truit au 19\u00e8me si\u00e8cle le vignoble mondial. De plus, une vinification sp\u00e9ciale a \u00e9t\u00e9 faite sans soufre (sulfites). Ici, la puret\u00e9 [&hellip;]<\/p>\n","protected":false},"featured_media":9161,"comment_status":"open","ping_status":"closed","template":"","meta":{"inline_featured_image":false},"product_cat":[56,57],"product_tag":[70,64,71,74,75,59],"class_list":{"0":"post-7172","1":"product","2":"type-product","3":"status-publish","4":"has-post-thumbnail","6":"product_cat-cuvees-speciales","7":"product_cat-vignes-uniques-non-greffees","8":"product_tag-agriculture-biologique","9":"product_tag-gamay","10":"product_tag-touraine-aoc","11":"product_tag-vignes-non-greffees","12":"product_tag-vin-sans-sulfites","13":"product_tag-vins-rouges","15":"first","16":"instock","17":"taxable","18":"shipping-taxable","19":"purchasable","20":"product-type-variable","21":"has-default-attributes"},"yoast_head":"<!-- This site is optimized with the Yoast SEO plugin v27.4 - https:\/\/yoast.com\/product\/yoast-seo-wordpress\/ -->\n<title>Renaissance - Henry Marionnet<\/title>\n<meta name=\"description\" content=\"Ce vin est unique au Monde, car il a \u00e9t\u00e9 r\u00e9alis\u00e9 avec une parcelle de Gamay plant\u00e9e sans \u00eatre greff\u00e9e (franc de pied) en 1992 c\u2019est-\u00e0-dire sans la\" \/>\n<meta name=\"robots\" content=\"index, follow, max-snippet:-1, max-image-preview:large, max-video-preview:-1\" \/>\n<link rel=\"canonical\" href=\"https:\/\/henry-marionnet.com\/en\/products\/renaissance\/\" \/>\n<meta property=\"og:locale\" content=\"en_US\" \/>\n<meta property=\"og:type\" content=\"article\" \/>\n<meta property=\"og:title\" content=\"Renaissance - Henry Marionnet\" \/>\n<meta property=\"og:description\" content=\"Ce vin est unique au Monde, car il a \u00e9t\u00e9 r\u00e9alis\u00e9 avec une parcelle de Gamay plant\u00e9e sans \u00eatre greff\u00e9e (franc de pied) en 1992 c\u2019est-\u00e0-dire sans la\" \/>\n<meta property=\"og:url\" content=\"https:\/\/henry-marionnet.com\/en\/products\/renaissance\/\" \/>\n<meta property=\"og:site_name\" content=\"Henry Marionnet\" \/>\n<meta property=\"article:publisher\" content=\"https:\/\/www.facebook.com\/HenryMarionnet\/\" \/>\n<meta property=\"article:modified_time\" content=\"2026-04-13T10:18:33+00:00\" \/>\n<meta property=\"og:image\" content=\"https:\/\/henry-marionnet.com\/wp-content\/uploads\/2022\/08\/RENAISSANCE-site-web-scaled.jpg\" \/>\n\t<meta property=\"og:image:width\" content=\"2560\" \/>\n\t<meta property=\"og:image:height\" content=\"2560\" \/>\n\t<meta property=\"og:image:type\" content=\"image\/jpeg\" \/>\n<meta name=\"twitter:card\" content=\"summary_large_image\" \/>\n<meta name=\"twitter:label1\" content=\"Est. reading time\" \/>\n\t<meta name=\"twitter:data1\" content=\"2 minutes\" \/>\n<script type=\"application\/ld+json\" class=\"yoast-schema-graph\">{\"@context\":\"https:\\\/\\\/schema.org\",\"@graph\":[{\"@type\":\"WebPage\",\"@id\":\"https:\\\/\\\/henry-marionnet.com\\\/products\\\/renaissance\\\/\",\"url\":\"https:\\\/\\\/henry-marionnet.com\\\/products\\\/renaissance\\\/\",\"name\":\"Renaissance - Henry Marionnet\",\"isPartOf\":{\"@id\":\"https:\\\/\\\/henry-marionnet.com\\\/#website\"},\"primaryImageOfPage\":{\"@id\":\"https:\\\/\\\/henry-marionnet.com\\\/products\\\/renaissance\\\/#primaryimage\"},\"image\":{\"@id\":\"https:\\\/\\\/henry-marionnet.com\\\/products\\\/renaissance\\\/#primaryimage\"},\"thumbnailUrl\":\"https:\\\/\\\/henry-marionnet.com\\\/wp-content\\\/uploads\\\/2022\\\/08\\\/RENAISSANCE-site-web-scaled.jpg\",\"datePublished\":\"2022-08-13T10:38:39+00:00\",\"dateModified\":\"2026-04-13T10:18:33+00:00\",\"description\":\"Ce vin est unique au Monde, car il a \u00e9t\u00e9 r\u00e9alis\u00e9 avec une parcelle de Gamay plant\u00e9e sans \u00eatre greff\u00e9e (franc de pied) en 1992 c\u2019est-\u00e0-dire sans la\",\"breadcrumb\":{\"@id\":\"https:\\\/\\\/henry-marionnet.com\\\/products\\\/renaissance\\\/#breadcrumb\"},\"inLanguage\":\"en-US\",\"potentialAction\":[{\"@type\":\"ReadAction\",\"target\":[\"https:\\\/\\\/henry-marionnet.com\\\/products\\\/renaissance\\\/\"]}]},{\"@type\":\"ImageObject\",\"inLanguage\":\"en-US\",\"@id\":\"https:\\\/\\\/henry-marionnet.com\\\/products\\\/renaissance\\\/#primaryimage\",\"url\":\"https:\\\/\\\/henry-marionnet.com\\\/wp-content\\\/uploads\\\/2022\\\/08\\\/RENAISSANCE-site-web-scaled.jpg\",\"contentUrl\":\"https:\\\/\\\/henry-marionnet.com\\\/wp-content\\\/uploads\\\/2022\\\/08\\\/RENAISSANCE-site-web-scaled.jpg\",\"width\":2560,\"height\":2560},{\"@type\":\"BreadcrumbList\",\"@id\":\"https:\\\/\\\/henry-marionnet.com\\\/products\\\/renaissance\\\/#breadcrumb\",\"itemListElement\":[{\"@type\":\"ListItem\",\"position\":1,\"name\":\"Accueil\",\"item\":\"https:\\\/\\\/henry-marionnet.com\\\/\"},{\"@type\":\"ListItem\",\"position\":2,\"name\":\"Acheter\",\"item\":\"https:\\\/\\\/henry-marionnet.com\\\/acheter\\\/\"},{\"@type\":\"ListItem\",\"position\":3,\"name\":\"Renaissance\"}]},{\"@type\":\"WebSite\",\"@id\":\"https:\\\/\\\/henry-marionnet.com\\\/#website\",\"url\":\"https:\\\/\\\/henry-marionnet.com\\\/\",\"name\":\"Henry Marionnet\",\"description\":\"Vins du Domaine de la Charmoise\",\"publisher\":{\"@id\":\"https:\\\/\\\/henry-marionnet.com\\\/#organization\"},\"potentialAction\":[{\"@type\":\"SearchAction\",\"target\":{\"@type\":\"EntryPoint\",\"urlTemplate\":\"https:\\\/\\\/henry-marionnet.com\\\/?s={search_term_string}\"},\"query-input\":{\"@type\":\"PropertyValueSpecification\",\"valueRequired\":true,\"valueName\":\"search_term_string\"}}],\"inLanguage\":\"en-US\"},{\"@type\":\"Organization\",\"@id\":\"https:\\\/\\\/henry-marionnet.com\\\/#organization\",\"name\":\"Henry Marionnet\",\"url\":\"https:\\\/\\\/henry-marionnet.com\\\/\",\"logo\":{\"@type\":\"ImageObject\",\"inLanguage\":\"en-US\",\"@id\":\"https:\\\/\\\/henry-marionnet.com\\\/#\\\/schema\\\/logo\\\/image\\\/\",\"url\":\"https:\\\/\\\/henry-marionnet.com\\\/wp-content\\\/uploads\\\/2022\\\/07\\\/Logo-Henry-Marionnet.svg\",\"contentUrl\":\"https:\\\/\\\/henry-marionnet.com\\\/wp-content\\\/uploads\\\/2022\\\/07\\\/Logo-Henry-Marionnet.svg\",\"width\":265,\"height\":191,\"caption\":\"Henry Marionnet\"},\"image\":{\"@id\":\"https:\\\/\\\/henry-marionnet.com\\\/#\\\/schema\\\/logo\\\/image\\\/\"},\"sameAs\":[\"https:\\\/\\\/www.facebook.com\\\/HenryMarionnet\\\/\",\"https:\\\/\\\/www.instagram.com\\\/henrymarionnet\\\/\"]}]}<\/script>\n<!-- \/ Yoast SEO plugin. -->","yoast_head_json":{"title":"Renaissance - Henry Marionnet","description":"Ce vin est unique au Monde, car il a \u00e9t\u00e9 r\u00e9alis\u00e9 avec une parcelle de Gamay plant\u00e9e sans \u00eatre greff\u00e9e (franc de pied) en 1992 c\u2019est-\u00e0-dire sans la","robots":{"index":"index","follow":"follow","max-snippet":"max-snippet:-1","max-image-preview":"max-image-preview:large","max-video-preview":"max-video-preview:-1"},"canonical":"https:\/\/henry-marionnet.com\/en\/products\/renaissance\/","og_locale":"en_US","og_type":"article","og_title":"Renaissance - Henry Marionnet","og_description":"Ce vin est unique au Monde, car il a \u00e9t\u00e9 r\u00e9alis\u00e9 avec une parcelle de Gamay plant\u00e9e sans \u00eatre greff\u00e9e (franc de pied) en 1992 c\u2019est-\u00e0-dire sans la","og_url":"https:\/\/henry-marionnet.com\/en\/products\/renaissance\/","og_site_name":"Henry Marionnet","article_publisher":"https:\/\/www.facebook.com\/HenryMarionnet\/","article_modified_time":"2026-04-13T10:18:33+00:00","og_image":[{"width":2560,"height":2560,"url":"https:\/\/henry-marionnet.com\/wp-content\/uploads\/2022\/08\/RENAISSANCE-site-web-scaled.jpg","type":"image\/jpeg"}],"twitter_card":"summary_large_image","twitter_misc":{"Est. reading time":"2 minutes"},"schema":{"@context":"https:\/\/schema.org","@graph":[{"@type":"WebPage","@id":"https:\/\/henry-marionnet.com\/products\/renaissance\/","url":"https:\/\/henry-marionnet.com\/products\/renaissance\/","name":"Renaissance - Henry Marionnet","isPartOf":{"@id":"https:\/\/henry-marionnet.com\/#website"},"primaryImageOfPage":{"@id":"https:\/\/henry-marionnet.com\/products\/renaissance\/#primaryimage"},"image":{"@id":"https:\/\/henry-marionnet.com\/products\/renaissance\/#primaryimage"},"thumbnailUrl":"https:\/\/henry-marionnet.com\/wp-content\/uploads\/2022\/08\/RENAISSANCE-site-web-scaled.jpg","datePublished":"2022-08-13T10:38:39+00:00","dateModified":"2026-04-13T10:18:33+00:00","description":"Ce vin est unique au Monde, car il a \u00e9t\u00e9 r\u00e9alis\u00e9 avec une parcelle de Gamay plant\u00e9e sans \u00eatre greff\u00e9e (franc de pied) en 1992 c\u2019est-\u00e0-dire sans la","breadcrumb":{"@id":"https:\/\/henry-marionnet.com\/products\/renaissance\/#breadcrumb"},"inLanguage":"en-US","potentialAction":[{"@type":"ReadAction","target":["https:\/\/henry-marionnet.com\/products\/renaissance\/"]}]},{"@type":"ImageObject","inLanguage":"en-US","@id":"https:\/\/henry-marionnet.com\/products\/renaissance\/#primaryimage","url":"https:\/\/henry-marionnet.com\/wp-content\/uploads\/2022\/08\/RENAISSANCE-site-web-scaled.jpg","contentUrl":"https:\/\/henry-marionnet.com\/wp-content\/uploads\/2022\/08\/RENAISSANCE-site-web-scaled.jpg","width":2560,"height":2560},{"@type":"BreadcrumbList","@id":"https:\/\/henry-marionnet.com\/products\/renaissance\/#breadcrumb","itemListElement":[{"@type":"ListItem","position":1,"name":"Accueil","item":"https:\/\/henry-marionnet.com\/"},{"@type":"ListItem","position":2,"name":"Acheter","item":"https:\/\/henry-marionnet.com\/acheter\/"},{"@type":"ListItem","position":3,"name":"Renaissance"}]},{"@type":"WebSite","@id":"https:\/\/henry-marionnet.com\/#website","url":"https:\/\/henry-marionnet.com\/","name":"Henry Marionnet","description":"Vins du Domaine de la Charmoise","publisher":{"@id":"https:\/\/henry-marionnet.com\/#organization"},"potentialAction":[{"@type":"SearchAction","target":{"@type":"EntryPoint","urlTemplate":"https:\/\/henry-marionnet.com\/?s={search_term_string}"},"query-input":{"@type":"PropertyValueSpecification","valueRequired":true,"valueName":"search_term_string"}}],"inLanguage":"en-US"},{"@type":"Organization","@id":"https:\/\/henry-marionnet.com\/#organization","name":"Henry Marionnet","url":"https:\/\/henry-marionnet.com\/","logo":{"@type":"ImageObject","inLanguage":"en-US","@id":"https:\/\/henry-marionnet.com\/#\/schema\/logo\/image\/","url":"https:\/\/henry-marionnet.com\/wp-content\/uploads\/2022\/07\/Logo-Henry-Marionnet.svg","contentUrl":"https:\/\/henry-marionnet.com\/wp-content\/uploads\/2022\/07\/Logo-Henry-Marionnet.svg","width":265,"height":191,"caption":"Henry Marionnet"},"image":{"@id":"https:\/\/henry-marionnet.com\/#\/schema\/logo\/image\/"},"sameAs":["https:\/\/www.facebook.com\/HenryMarionnet\/","https:\/\/www.instagram.com\/henrymarionnet\/"]}]}},"_links":{"self":[{"href":"https:\/\/henry-marionnet.com\/en\/wp-json\/wp\/v2\/product\/7172","targetHints":{"allow":["GET"]}}],"collection":[{"href":"https:\/\/henry-marionnet.com\/en\/wp-json\/wp\/v2\/product"}],"about":[{"href":"https:\/\/henry-marionnet.com\/en\/wp-json\/wp\/v2\/types\/product"}],"replies":[{"embeddable":true,"href":"https:\/\/henry-marionnet.com\/en\/wp-json\/wp\/v2\/comments?post=7172"}],"wp:featuredmedia":[{"embeddable":true,"href":"https:\/\/henry-marionnet.com\/en\/wp-json\/wp\/v2\/media\/9161"}],"wp:attachment":[{"href":"https:\/\/henry-marionnet.com\/en\/wp-json\/wp\/v2\/media?parent=7172"}],"wp:term":[{"taxonomy":"product_cat","embeddable":true,"href":"https:\/\/henry-marionnet.com\/en\/wp-json\/wp\/v2\/product_cat?post=7172"},{"taxonomy":"product_tag","embeddable":true,"href":"https:\/\/henry-marionnet.com\/en\/wp-json\/wp\/v2\/product_tag?post=7172"}],"curies":[{"name":"wp","href":"https:\/\/api.w.org\/{rel}","templated":true}]}}