{"id":7170,"date":"2022-08-13T11:38:38","date_gmt":"2022-08-13T10:38:38","guid":{"rendered":"http:\/\/hgdb5641.odns.fr\/products\/gamay-domaine-de-la-charmoise\/"},"modified":"2026-04-21T17:03:39","modified_gmt":"2026-04-21T16:03:39","slug":"gamay-domaine-de-la-charmoise","status":"publish","type":"product","link":"https:\/\/henry-marionnet.com\/en\/products\/gamay-domaine-de-la-charmoise\/","title":{"rendered":"Domaine de la Charmoise"},"content":{"rendered":"<p>Explosion of greedy fruits: strawberry, raspberry, black currant, English candy. More complex notes of kirsch and coffee.<br \/>\nTo be drunk young, 2-4 years for the brilliance of its fruit, but can be kept very well in the cellar.<\/p>\n<p>To be enjoyed chilled 12-14\u00b0 C<\/p>","protected":false},"excerpt":{"rendered":"<p>Explosion de fruits gourmands: fraise, framboise, cassis, bonbon anglais. Notes plus complexes de kirsch et caf\u00e9. A boire sur sa jeunesse, 2-4 ans pour l&rsquo;\u00e9clat de son fruit, mais peut tr\u00e8s bien veiller en cave. A d\u00e9guster frais 12-14\u00b0<\/p>","protected":false},"featured_media":8922,"comment_status":"open","ping_status":"closed","template":"","meta":{"inline_featured_image":false},"product_cat":[54],"product_tag":[70,64,71,59],"class_list":{"0":"post-7170","1":"product","2":"type-product","3":"status-publish","4":"has-post-thumbnail","6":"product_cat-cuvees-gourmandes","7":"product_tag-agriculture-biologique","8":"product_tag-gamay","9":"product_tag-touraine-aoc","10":"product_tag-vins-rouges","12":"first","13":"instock","14":"taxable","15":"shipping-taxable","16":"purchasable","17":"product-type-variable","18":"has-default-attributes"},"yoast_head":"<!-- This site is optimized with the Yoast SEO plugin v27.5 - https:\/\/yoast.com\/product\/yoast-seo-wordpress\/ -->\n<title>Domaine de la Charmoise - Henry Marionnet<\/title>\n<meta name=\"description\" content=\"Explosion de fruits gourmands: fraise, framboise, cassis, bonbon anglais. Notes plus complexes de kirsch et caf\u00e9. A boire sur sa jeunesse, 2-4 ans pour\" \/>\n<meta name=\"robots\" content=\"index, follow, max-snippet:-1, max-image-preview:large, max-video-preview:-1\" \/>\n<link rel=\"canonical\" href=\"https:\/\/henry-marionnet.com\/en\/products\/gamay-domaine-de-la-charmoise\/\" \/>\n<meta property=\"og:locale\" content=\"en_US\" \/>\n<meta property=\"og:type\" content=\"article\" \/>\n<meta property=\"og:title\" content=\"Domaine de la Charmoise - Henry Marionnet\" \/>\n<meta property=\"og:description\" content=\"Explosion de fruits gourmands: fraise, framboise, cassis, bonbon anglais. Notes plus complexes de kirsch et caf\u00e9. A boire sur sa jeunesse, 2-4 ans pour\" \/>\n<meta property=\"og:url\" content=\"https:\/\/henry-marionnet.com\/en\/products\/gamay-domaine-de-la-charmoise\/\" \/>\n<meta property=\"og:site_name\" content=\"Henry Marionnet\" \/>\n<meta property=\"article:publisher\" content=\"https:\/\/www.facebook.com\/HenryMarionnet\/\" \/>\n<meta property=\"article:modified_time\" content=\"2026-04-21T16:03:39+00:00\" \/>\n<meta property=\"og:image\" content=\"https:\/\/henry-marionnet.com\/wp-content\/uploads\/2022\/08\/DOMAINE-DE-LA-CHARMOISE-GAMAY-PF-Copie-1.jpg\" \/>\n\t<meta property=\"og:image:width\" content=\"600\" \/>\n\t<meta property=\"og:image:height\" content=\"600\" \/>\n\t<meta property=\"og:image:type\" content=\"image\/jpeg\" \/>\n<meta name=\"twitter:card\" content=\"summary_large_image\" \/>\n<meta name=\"twitter:label1\" content=\"Est. reading time\" \/>\n\t<meta name=\"twitter:data1\" content=\"1 minute\" \/>\n<script type=\"application\/ld+json\" class=\"yoast-schema-graph\">{\"@context\":\"https:\\\/\\\/schema.org\",\"@graph\":[{\"@type\":\"WebPage\",\"@id\":\"https:\\\/\\\/henry-marionnet.com\\\/products\\\/gamay-domaine-de-la-charmoise\\\/\",\"url\":\"https:\\\/\\\/henry-marionnet.com\\\/products\\\/gamay-domaine-de-la-charmoise\\\/\",\"name\":\"Domaine de la Charmoise - Henry Marionnet\",\"isPartOf\":{\"@id\":\"https:\\\/\\\/henry-marionnet.com\\\/#website\"},\"primaryImageOfPage\":{\"@id\":\"https:\\\/\\\/henry-marionnet.com\\\/products\\\/gamay-domaine-de-la-charmoise\\\/#primaryimage\"},\"image\":{\"@id\":\"https:\\\/\\\/henry-marionnet.com\\\/products\\\/gamay-domaine-de-la-charmoise\\\/#primaryimage\"},\"thumbnailUrl\":\"https:\\\/\\\/henry-marionnet.com\\\/wp-content\\\/uploads\\\/2022\\\/08\\\/DOMAINE-DE-LA-CHARMOISE-GAMAY-PF-Copie-1.jpg\",\"datePublished\":\"2022-08-13T10:38:38+00:00\",\"dateModified\":\"2026-04-21T16:03:39+00:00\",\"description\":\"Explosion de fruits gourmands: fraise, framboise, cassis, bonbon anglais. Notes plus complexes de kirsch et caf\u00e9. A boire sur sa jeunesse, 2-4 ans pour\",\"breadcrumb\":{\"@id\":\"https:\\\/\\\/henry-marionnet.com\\\/products\\\/gamay-domaine-de-la-charmoise\\\/#breadcrumb\"},\"inLanguage\":\"en-US\",\"potentialAction\":[{\"@type\":\"ReadAction\",\"target\":[\"https:\\\/\\\/henry-marionnet.com\\\/products\\\/gamay-domaine-de-la-charmoise\\\/\"]}]},{\"@type\":\"ImageObject\",\"inLanguage\":\"en-US\",\"@id\":\"https:\\\/\\\/henry-marionnet.com\\\/products\\\/gamay-domaine-de-la-charmoise\\\/#primaryimage\",\"url\":\"https:\\\/\\\/henry-marionnet.com\\\/wp-content\\\/uploads\\\/2022\\\/08\\\/DOMAINE-DE-LA-CHARMOISE-GAMAY-PF-Copie-1.jpg\",\"contentUrl\":\"https:\\\/\\\/henry-marionnet.com\\\/wp-content\\\/uploads\\\/2022\\\/08\\\/DOMAINE-DE-LA-CHARMOISE-GAMAY-PF-Copie-1.jpg\",\"width\":600,\"height\":600},{\"@type\":\"BreadcrumbList\",\"@id\":\"https:\\\/\\\/henry-marionnet.com\\\/products\\\/gamay-domaine-de-la-charmoise\\\/#breadcrumb\",\"itemListElement\":[{\"@type\":\"ListItem\",\"position\":1,\"name\":\"Accueil\",\"item\":\"https:\\\/\\\/henry-marionnet.com\\\/\"},{\"@type\":\"ListItem\",\"position\":2,\"name\":\"Acheter\",\"item\":\"https:\\\/\\\/henry-marionnet.com\\\/acheter\\\/\"},{\"@type\":\"ListItem\",\"position\":3,\"name\":\"Domaine de la Charmoise\"}]},{\"@type\":\"WebSite\",\"@id\":\"https:\\\/\\\/henry-marionnet.com\\\/#website\",\"url\":\"https:\\\/\\\/henry-marionnet.com\\\/\",\"name\":\"Henry Marionnet\",\"description\":\"Vins du Domaine de la Charmoise\",\"publisher\":{\"@id\":\"https:\\\/\\\/henry-marionnet.com\\\/#organization\"},\"potentialAction\":[{\"@type\":\"SearchAction\",\"target\":{\"@type\":\"EntryPoint\",\"urlTemplate\":\"https:\\\/\\\/henry-marionnet.com\\\/?s={search_term_string}\"},\"query-input\":{\"@type\":\"PropertyValueSpecification\",\"valueRequired\":true,\"valueName\":\"search_term_string\"}}],\"inLanguage\":\"en-US\"},{\"@type\":\"Organization\",\"@id\":\"https:\\\/\\\/henry-marionnet.com\\\/#organization\",\"name\":\"Henry Marionnet\",\"url\":\"https:\\\/\\\/henry-marionnet.com\\\/\",\"logo\":{\"@type\":\"ImageObject\",\"inLanguage\":\"en-US\",\"@id\":\"https:\\\/\\\/henry-marionnet.com\\\/#\\\/schema\\\/logo\\\/image\\\/\",\"url\":\"https:\\\/\\\/henry-marionnet.com\\\/wp-content\\\/uploads\\\/2022\\\/07\\\/Logo-Henry-Marionnet.svg\",\"contentUrl\":\"https:\\\/\\\/henry-marionnet.com\\\/wp-content\\\/uploads\\\/2022\\\/07\\\/Logo-Henry-Marionnet.svg\",\"width\":265,\"height\":191,\"caption\":\"Henry Marionnet\"},\"image\":{\"@id\":\"https:\\\/\\\/henry-marionnet.com\\\/#\\\/schema\\\/logo\\\/image\\\/\"},\"sameAs\":[\"https:\\\/\\\/www.facebook.com\\\/HenryMarionnet\\\/\",\"https:\\\/\\\/www.instagram.com\\\/henrymarionnet\\\/\"]}]}<\/script>\n<!-- \/ Yoast SEO plugin. -->","yoast_head_json":{"title":"Domaine de la Charmoise - Henry Marionnet","description":"Explosion de fruits gourmands: fraise, framboise, cassis, bonbon anglais. Notes plus complexes de kirsch et caf\u00e9. A boire sur sa jeunesse, 2-4 ans pour","robots":{"index":"index","follow":"follow","max-snippet":"max-snippet:-1","max-image-preview":"max-image-preview:large","max-video-preview":"max-video-preview:-1"},"canonical":"https:\/\/henry-marionnet.com\/en\/products\/gamay-domaine-de-la-charmoise\/","og_locale":"en_US","og_type":"article","og_title":"Domaine de la Charmoise - Henry Marionnet","og_description":"Explosion de fruits gourmands: fraise, framboise, cassis, bonbon anglais. Notes plus complexes de kirsch et caf\u00e9. A boire sur sa jeunesse, 2-4 ans pour","og_url":"https:\/\/henry-marionnet.com\/en\/products\/gamay-domaine-de-la-charmoise\/","og_site_name":"Henry Marionnet","article_publisher":"https:\/\/www.facebook.com\/HenryMarionnet\/","article_modified_time":"2026-04-21T16:03:39+00:00","og_image":[{"width":600,"height":600,"url":"https:\/\/henry-marionnet.com\/wp-content\/uploads\/2022\/08\/DOMAINE-DE-LA-CHARMOISE-GAMAY-PF-Copie-1.jpg","type":"image\/jpeg"}],"twitter_card":"summary_large_image","twitter_misc":{"Est. reading time":"1 minute"},"schema":{"@context":"https:\/\/schema.org","@graph":[{"@type":"WebPage","@id":"https:\/\/henry-marionnet.com\/products\/gamay-domaine-de-la-charmoise\/","url":"https:\/\/henry-marionnet.com\/products\/gamay-domaine-de-la-charmoise\/","name":"Domaine de la Charmoise - Henry Marionnet","isPartOf":{"@id":"https:\/\/henry-marionnet.com\/#website"},"primaryImageOfPage":{"@id":"https:\/\/henry-marionnet.com\/products\/gamay-domaine-de-la-charmoise\/#primaryimage"},"image":{"@id":"https:\/\/henry-marionnet.com\/products\/gamay-domaine-de-la-charmoise\/#primaryimage"},"thumbnailUrl":"https:\/\/henry-marionnet.com\/wp-content\/uploads\/2022\/08\/DOMAINE-DE-LA-CHARMOISE-GAMAY-PF-Copie-1.jpg","datePublished":"2022-08-13T10:38:38+00:00","dateModified":"2026-04-21T16:03:39+00:00","description":"Explosion de fruits gourmands: fraise, framboise, cassis, bonbon anglais. Notes plus complexes de kirsch et caf\u00e9. A boire sur sa jeunesse, 2-4 ans pour","breadcrumb":{"@id":"https:\/\/henry-marionnet.com\/products\/gamay-domaine-de-la-charmoise\/#breadcrumb"},"inLanguage":"en-US","potentialAction":[{"@type":"ReadAction","target":["https:\/\/henry-marionnet.com\/products\/gamay-domaine-de-la-charmoise\/"]}]},{"@type":"ImageObject","inLanguage":"en-US","@id":"https:\/\/henry-marionnet.com\/products\/gamay-domaine-de-la-charmoise\/#primaryimage","url":"https:\/\/henry-marionnet.com\/wp-content\/uploads\/2022\/08\/DOMAINE-DE-LA-CHARMOISE-GAMAY-PF-Copie-1.jpg","contentUrl":"https:\/\/henry-marionnet.com\/wp-content\/uploads\/2022\/08\/DOMAINE-DE-LA-CHARMOISE-GAMAY-PF-Copie-1.jpg","width":600,"height":600},{"@type":"BreadcrumbList","@id":"https:\/\/henry-marionnet.com\/products\/gamay-domaine-de-la-charmoise\/#breadcrumb","itemListElement":[{"@type":"ListItem","position":1,"name":"Accueil","item":"https:\/\/henry-marionnet.com\/"},{"@type":"ListItem","position":2,"name":"Acheter","item":"https:\/\/henry-marionnet.com\/acheter\/"},{"@type":"ListItem","position":3,"name":"Domaine de la Charmoise"}]},{"@type":"WebSite","@id":"https:\/\/henry-marionnet.com\/#website","url":"https:\/\/henry-marionnet.com\/","name":"Henry Marionnet","description":"Vins du Domaine de la Charmoise","publisher":{"@id":"https:\/\/henry-marionnet.com\/#organization"},"potentialAction":[{"@type":"SearchAction","target":{"@type":"EntryPoint","urlTemplate":"https:\/\/henry-marionnet.com\/?s={search_term_string}"},"query-input":{"@type":"PropertyValueSpecification","valueRequired":true,"valueName":"search_term_string"}}],"inLanguage":"en-US"},{"@type":"Organization","@id":"https:\/\/henry-marionnet.com\/#organization","name":"Henry Marionnet","url":"https:\/\/henry-marionnet.com\/","logo":{"@type":"ImageObject","inLanguage":"en-US","@id":"https:\/\/henry-marionnet.com\/#\/schema\/logo\/image\/","url":"https:\/\/henry-marionnet.com\/wp-content\/uploads\/2022\/07\/Logo-Henry-Marionnet.svg","contentUrl":"https:\/\/henry-marionnet.com\/wp-content\/uploads\/2022\/07\/Logo-Henry-Marionnet.svg","width":265,"height":191,"caption":"Henry Marionnet"},"image":{"@id":"https:\/\/henry-marionnet.com\/#\/schema\/logo\/image\/"},"sameAs":["https:\/\/www.facebook.com\/HenryMarionnet\/","https:\/\/www.instagram.com\/henrymarionnet\/"]}]}},"_links":{"self":[{"href":"https:\/\/henry-marionnet.com\/en\/wp-json\/wp\/v2\/product\/7170","targetHints":{"allow":["GET"]}}],"collection":[{"href":"https:\/\/henry-marionnet.com\/en\/wp-json\/wp\/v2\/product"}],"about":[{"href":"https:\/\/henry-marionnet.com\/en\/wp-json\/wp\/v2\/types\/product"}],"replies":[{"embeddable":true,"href":"https:\/\/henry-marionnet.com\/en\/wp-json\/wp\/v2\/comments?post=7170"}],"wp:featuredmedia":[{"embeddable":true,"href":"https:\/\/henry-marionnet.com\/en\/wp-json\/wp\/v2\/media\/8922"}],"wp:attachment":[{"href":"https:\/\/henry-marionnet.com\/en\/wp-json\/wp\/v2\/media?parent=7170"}],"wp:term":[{"taxonomy":"product_cat","embeddable":true,"href":"https:\/\/henry-marionnet.com\/en\/wp-json\/wp\/v2\/product_cat?post=7170"},{"taxonomy":"product_tag","embeddable":true,"href":"https:\/\/henry-marionnet.com\/en\/wp-json\/wp\/v2\/product_tag?post=7170"}],"curies":[{"name":"wp","href":"https:\/\/api.w.org\/{rel}","templated":true}]}}