{"id":7166,"date":"2022-08-13T11:38:37","date_gmt":"2022-08-13T10:38:37","guid":{"rendered":"http:\/\/hgdb5641.odns.fr\/products\/cepages-oublies-2\/"},"modified":"2026-04-13T11:19:20","modified_gmt":"2026-04-13T10:19:20","slug":"cepages-oublies-2","status":"publish","type":"product","link":"https:\/\/henry-marionnet.com\/en\/products\/cepages-oublies-2\/","title":{"rendered":"C\u00e9pages oubli\u00e9s"},"content":{"rendered":"<p>The Gamay de Bouze is a grape variety of Burgundian origin which was noticed in Bouze-les-Beaune in the 19th century. Its originality is to give grapes with red juice and not white juice. It was very successful in the Cher Valley until it was abandoned by the INAO in the early 1980s. It is really necessary to discover it because it has a superb matter, with a lot of elegance.<\/p>\n<p>The result is a very dense wine, with an intense dark color overflowing with black fruit aromas.\u00a0<strong>We discover all of a sudden, this spectacular wine that we used to drink with its strength, and also its elegance.<\/strong> Its tannins are very present but round and harmonious. Its density and structure are impressive and cannot be compared to any other existing Gamay.<\/p>\n<p>To be drunk young, 2-4 years for the brightness of its fruit, but can age very well in the cellar.<br \/>\nTo be enjoyed chilled 12-14\u00b0 C<\/p>","protected":false},"excerpt":{"rendered":"<p>Le Gamay de Bouze est un c\u00e9page d\u2019origine bourguignonne qui a \u00e9t\u00e9 remarqu\u00e9 \u00e0 Bouze-les-Beaune au 19\u00e8me si\u00e8cle. Son originalit\u00e9 est de donner des grains de raisins \u00e0 jus rouges et non \u00e0 jus blancs. Il a connu un grand succ\u00e8 dans la Vall\u00e9e du Cher jusqu\u2019\u00e0 son abandon par l\u2019INAO au d\u00e9but des ann\u00e9es [&hellip;]<\/p>\n","protected":false},"featured_media":9164,"comment_status":"open","ping_status":"closed","template":"","meta":{"inline_featured_image":false},"product_cat":[56],"product_tag":[70,64,79,78,59],"class_list":{"0":"post-7166","1":"product","2":"type-product","3":"status-publish","4":"has-post-thumbnail","6":"product_cat-cuvees-speciales","7":"product_tag-agriculture-biologique","8":"product_tag-gamay","9":"product_tag-gamay-de-bouze","10":"product_tag-igp-val-de-loire","11":"product_tag-vins-rouges","13":"first","14":"instock","15":"taxable","16":"shipping-taxable","17":"purchasable","18":"product-type-variable","19":"has-default-attributes"},"yoast_head":"<!-- This site is optimized with the Yoast SEO plugin v27.4 - https:\/\/yoast.com\/product\/yoast-seo-wordpress\/ -->\n<title>C\u00e9pages oubli\u00e9s - Henry Marionnet<\/title>\n<meta name=\"description\" content=\"Le Gamay de Bouze est un c\u00e9page d\u2019origine bourguignonne qui a \u00e9t\u00e9 remarqu\u00e9 \u00e0 Bouze-les-Beaune au 19\u00e8me si\u00e8cle. Son originalit\u00e9 est de donner des grains de\" \/>\n<meta name=\"robots\" content=\"index, follow, max-snippet:-1, max-image-preview:large, max-video-preview:-1\" \/>\n<link rel=\"canonical\" href=\"https:\/\/henry-marionnet.com\/en\/products\/cepages-oublies-2\/\" \/>\n<meta property=\"og:locale\" content=\"en_US\" \/>\n<meta property=\"og:type\" content=\"article\" \/>\n<meta property=\"og:title\" content=\"C\u00e9pages oubli\u00e9s - Henry Marionnet\" \/>\n<meta property=\"og:description\" content=\"Le Gamay de Bouze est un c\u00e9page d\u2019origine bourguignonne qui a \u00e9t\u00e9 remarqu\u00e9 \u00e0 Bouze-les-Beaune au 19\u00e8me si\u00e8cle. Son originalit\u00e9 est de donner des grains de\" \/>\n<meta property=\"og:url\" content=\"https:\/\/henry-marionnet.com\/en\/products\/cepages-oublies-2\/\" \/>\n<meta property=\"og:site_name\" content=\"Henry Marionnet\" \/>\n<meta property=\"article:publisher\" content=\"https:\/\/www.facebook.com\/HenryMarionnet\/\" \/>\n<meta property=\"article:modified_time\" content=\"2026-04-13T10:19:20+00:00\" \/>\n<meta property=\"og:image\" content=\"https:\/\/henry-marionnet.com\/wp-content\/uploads\/2022\/08\/CEPAGES-OUBLIESsite-web-scaled.jpg\" \/>\n\t<meta property=\"og:image:width\" content=\"2560\" \/>\n\t<meta property=\"og:image:height\" content=\"2560\" \/>\n\t<meta property=\"og:image:type\" content=\"image\/jpeg\" \/>\n<meta name=\"twitter:card\" content=\"summary_large_image\" \/>\n<meta name=\"twitter:label1\" content=\"Est. reading time\" \/>\n\t<meta name=\"twitter:data1\" content=\"1 minute\" \/>\n<script type=\"application\/ld+json\" class=\"yoast-schema-graph\">{\"@context\":\"https:\\\/\\\/schema.org\",\"@graph\":[{\"@type\":\"WebPage\",\"@id\":\"https:\\\/\\\/henry-marionnet.com\\\/products\\\/cepages-oublies-2\\\/\",\"url\":\"https:\\\/\\\/henry-marionnet.com\\\/products\\\/cepages-oublies-2\\\/\",\"name\":\"C\u00e9pages oubli\u00e9s - Henry Marionnet\",\"isPartOf\":{\"@id\":\"https:\\\/\\\/henry-marionnet.com\\\/#website\"},\"primaryImageOfPage\":{\"@id\":\"https:\\\/\\\/henry-marionnet.com\\\/products\\\/cepages-oublies-2\\\/#primaryimage\"},\"image\":{\"@id\":\"https:\\\/\\\/henry-marionnet.com\\\/products\\\/cepages-oublies-2\\\/#primaryimage\"},\"thumbnailUrl\":\"https:\\\/\\\/henry-marionnet.com\\\/wp-content\\\/uploads\\\/2022\\\/08\\\/CEPAGES-OUBLIESsite-web-scaled.jpg\",\"datePublished\":\"2022-08-13T10:38:37+00:00\",\"dateModified\":\"2026-04-13T10:19:20+00:00\",\"description\":\"Le Gamay de Bouze est un c\u00e9page d\u2019origine bourguignonne qui a \u00e9t\u00e9 remarqu\u00e9 \u00e0 Bouze-les-Beaune au 19\u00e8me si\u00e8cle. Son originalit\u00e9 est de donner des grains de\",\"breadcrumb\":{\"@id\":\"https:\\\/\\\/henry-marionnet.com\\\/products\\\/cepages-oublies-2\\\/#breadcrumb\"},\"inLanguage\":\"en-US\",\"potentialAction\":[{\"@type\":\"ReadAction\",\"target\":[\"https:\\\/\\\/henry-marionnet.com\\\/products\\\/cepages-oublies-2\\\/\"]}]},{\"@type\":\"ImageObject\",\"inLanguage\":\"en-US\",\"@id\":\"https:\\\/\\\/henry-marionnet.com\\\/products\\\/cepages-oublies-2\\\/#primaryimage\",\"url\":\"https:\\\/\\\/henry-marionnet.com\\\/wp-content\\\/uploads\\\/2022\\\/08\\\/CEPAGES-OUBLIESsite-web-scaled.jpg\",\"contentUrl\":\"https:\\\/\\\/henry-marionnet.com\\\/wp-content\\\/uploads\\\/2022\\\/08\\\/CEPAGES-OUBLIESsite-web-scaled.jpg\",\"width\":2560,\"height\":2560},{\"@type\":\"BreadcrumbList\",\"@id\":\"https:\\\/\\\/henry-marionnet.com\\\/products\\\/cepages-oublies-2\\\/#breadcrumb\",\"itemListElement\":[{\"@type\":\"ListItem\",\"position\":1,\"name\":\"Accueil\",\"item\":\"https:\\\/\\\/henry-marionnet.com\\\/\"},{\"@type\":\"ListItem\",\"position\":2,\"name\":\"Acheter\",\"item\":\"https:\\\/\\\/henry-marionnet.com\\\/acheter\\\/\"},{\"@type\":\"ListItem\",\"position\":3,\"name\":\"C\u00e9pages oubli\u00e9s\"}]},{\"@type\":\"WebSite\",\"@id\":\"https:\\\/\\\/henry-marionnet.com\\\/#website\",\"url\":\"https:\\\/\\\/henry-marionnet.com\\\/\",\"name\":\"Henry Marionnet\",\"description\":\"Vins du Domaine de la Charmoise\",\"publisher\":{\"@id\":\"https:\\\/\\\/henry-marionnet.com\\\/#organization\"},\"potentialAction\":[{\"@type\":\"SearchAction\",\"target\":{\"@type\":\"EntryPoint\",\"urlTemplate\":\"https:\\\/\\\/henry-marionnet.com\\\/?s={search_term_string}\"},\"query-input\":{\"@type\":\"PropertyValueSpecification\",\"valueRequired\":true,\"valueName\":\"search_term_string\"}}],\"inLanguage\":\"en-US\"},{\"@type\":\"Organization\",\"@id\":\"https:\\\/\\\/henry-marionnet.com\\\/#organization\",\"name\":\"Henry Marionnet\",\"url\":\"https:\\\/\\\/henry-marionnet.com\\\/\",\"logo\":{\"@type\":\"ImageObject\",\"inLanguage\":\"en-US\",\"@id\":\"https:\\\/\\\/henry-marionnet.com\\\/#\\\/schema\\\/logo\\\/image\\\/\",\"url\":\"https:\\\/\\\/henry-marionnet.com\\\/wp-content\\\/uploads\\\/2022\\\/07\\\/Logo-Henry-Marionnet.svg\",\"contentUrl\":\"https:\\\/\\\/henry-marionnet.com\\\/wp-content\\\/uploads\\\/2022\\\/07\\\/Logo-Henry-Marionnet.svg\",\"width\":265,\"height\":191,\"caption\":\"Henry Marionnet\"},\"image\":{\"@id\":\"https:\\\/\\\/henry-marionnet.com\\\/#\\\/schema\\\/logo\\\/image\\\/\"},\"sameAs\":[\"https:\\\/\\\/www.facebook.com\\\/HenryMarionnet\\\/\",\"https:\\\/\\\/www.instagram.com\\\/henrymarionnet\\\/\"]}]}<\/script>\n<!-- \/ Yoast SEO plugin. -->","yoast_head_json":{"title":"C\u00e9pages oubli\u00e9s - Henry Marionnet","description":"Le Gamay de Bouze est un c\u00e9page d\u2019origine bourguignonne qui a \u00e9t\u00e9 remarqu\u00e9 \u00e0 Bouze-les-Beaune au 19\u00e8me si\u00e8cle. Son originalit\u00e9 est de donner des grains de","robots":{"index":"index","follow":"follow","max-snippet":"max-snippet:-1","max-image-preview":"max-image-preview:large","max-video-preview":"max-video-preview:-1"},"canonical":"https:\/\/henry-marionnet.com\/en\/products\/cepages-oublies-2\/","og_locale":"en_US","og_type":"article","og_title":"C\u00e9pages oubli\u00e9s - Henry Marionnet","og_description":"Le Gamay de Bouze est un c\u00e9page d\u2019origine bourguignonne qui a \u00e9t\u00e9 remarqu\u00e9 \u00e0 Bouze-les-Beaune au 19\u00e8me si\u00e8cle. Son originalit\u00e9 est de donner des grains de","og_url":"https:\/\/henry-marionnet.com\/en\/products\/cepages-oublies-2\/","og_site_name":"Henry Marionnet","article_publisher":"https:\/\/www.facebook.com\/HenryMarionnet\/","article_modified_time":"2026-04-13T10:19:20+00:00","og_image":[{"width":2560,"height":2560,"url":"https:\/\/henry-marionnet.com\/wp-content\/uploads\/2022\/08\/CEPAGES-OUBLIESsite-web-scaled.jpg","type":"image\/jpeg"}],"twitter_card":"summary_large_image","twitter_misc":{"Est. reading time":"1 minute"},"schema":{"@context":"https:\/\/schema.org","@graph":[{"@type":"WebPage","@id":"https:\/\/henry-marionnet.com\/products\/cepages-oublies-2\/","url":"https:\/\/henry-marionnet.com\/products\/cepages-oublies-2\/","name":"C\u00e9pages oubli\u00e9s - Henry Marionnet","isPartOf":{"@id":"https:\/\/henry-marionnet.com\/#website"},"primaryImageOfPage":{"@id":"https:\/\/henry-marionnet.com\/products\/cepages-oublies-2\/#primaryimage"},"image":{"@id":"https:\/\/henry-marionnet.com\/products\/cepages-oublies-2\/#primaryimage"},"thumbnailUrl":"https:\/\/henry-marionnet.com\/wp-content\/uploads\/2022\/08\/CEPAGES-OUBLIESsite-web-scaled.jpg","datePublished":"2022-08-13T10:38:37+00:00","dateModified":"2026-04-13T10:19:20+00:00","description":"Le Gamay de Bouze est un c\u00e9page d\u2019origine bourguignonne qui a \u00e9t\u00e9 remarqu\u00e9 \u00e0 Bouze-les-Beaune au 19\u00e8me si\u00e8cle. Son originalit\u00e9 est de donner des grains de","breadcrumb":{"@id":"https:\/\/henry-marionnet.com\/products\/cepages-oublies-2\/#breadcrumb"},"inLanguage":"en-US","potentialAction":[{"@type":"ReadAction","target":["https:\/\/henry-marionnet.com\/products\/cepages-oublies-2\/"]}]},{"@type":"ImageObject","inLanguage":"en-US","@id":"https:\/\/henry-marionnet.com\/products\/cepages-oublies-2\/#primaryimage","url":"https:\/\/henry-marionnet.com\/wp-content\/uploads\/2022\/08\/CEPAGES-OUBLIESsite-web-scaled.jpg","contentUrl":"https:\/\/henry-marionnet.com\/wp-content\/uploads\/2022\/08\/CEPAGES-OUBLIESsite-web-scaled.jpg","width":2560,"height":2560},{"@type":"BreadcrumbList","@id":"https:\/\/henry-marionnet.com\/products\/cepages-oublies-2\/#breadcrumb","itemListElement":[{"@type":"ListItem","position":1,"name":"Accueil","item":"https:\/\/henry-marionnet.com\/"},{"@type":"ListItem","position":2,"name":"Acheter","item":"https:\/\/henry-marionnet.com\/acheter\/"},{"@type":"ListItem","position":3,"name":"C\u00e9pages oubli\u00e9s"}]},{"@type":"WebSite","@id":"https:\/\/henry-marionnet.com\/#website","url":"https:\/\/henry-marionnet.com\/","name":"Henry Marionnet","description":"Vins du Domaine de la Charmoise","publisher":{"@id":"https:\/\/henry-marionnet.com\/#organization"},"potentialAction":[{"@type":"SearchAction","target":{"@type":"EntryPoint","urlTemplate":"https:\/\/henry-marionnet.com\/?s={search_term_string}"},"query-input":{"@type":"PropertyValueSpecification","valueRequired":true,"valueName":"search_term_string"}}],"inLanguage":"en-US"},{"@type":"Organization","@id":"https:\/\/henry-marionnet.com\/#organization","name":"Henry Marionnet","url":"https:\/\/henry-marionnet.com\/","logo":{"@type":"ImageObject","inLanguage":"en-US","@id":"https:\/\/henry-marionnet.com\/#\/schema\/logo\/image\/","url":"https:\/\/henry-marionnet.com\/wp-content\/uploads\/2022\/07\/Logo-Henry-Marionnet.svg","contentUrl":"https:\/\/henry-marionnet.com\/wp-content\/uploads\/2022\/07\/Logo-Henry-Marionnet.svg","width":265,"height":191,"caption":"Henry Marionnet"},"image":{"@id":"https:\/\/henry-marionnet.com\/#\/schema\/logo\/image\/"},"sameAs":["https:\/\/www.facebook.com\/HenryMarionnet\/","https:\/\/www.instagram.com\/henrymarionnet\/"]}]}},"_links":{"self":[{"href":"https:\/\/henry-marionnet.com\/en\/wp-json\/wp\/v2\/product\/7166","targetHints":{"allow":["GET"]}}],"collection":[{"href":"https:\/\/henry-marionnet.com\/en\/wp-json\/wp\/v2\/product"}],"about":[{"href":"https:\/\/henry-marionnet.com\/en\/wp-json\/wp\/v2\/types\/product"}],"replies":[{"embeddable":true,"href":"https:\/\/henry-marionnet.com\/en\/wp-json\/wp\/v2\/comments?post=7166"}],"wp:featuredmedia":[{"embeddable":true,"href":"https:\/\/henry-marionnet.com\/en\/wp-json\/wp\/v2\/media\/9164"}],"wp:attachment":[{"href":"https:\/\/henry-marionnet.com\/en\/wp-json\/wp\/v2\/media?parent=7166"}],"wp:term":[{"taxonomy":"product_cat","embeddable":true,"href":"https:\/\/henry-marionnet.com\/en\/wp-json\/wp\/v2\/product_cat?post=7166"},{"taxonomy":"product_tag","embeddable":true,"href":"https:\/\/henry-marionnet.com\/en\/wp-json\/wp\/v2\/product_tag?post=7166"}],"curies":[{"name":"wp","href":"https:\/\/api.w.org\/{rel}","templated":true}]}}