{"id":7229,"date":"2022-08-13T12:42:15","date_gmt":"2022-08-13T11:42:15","guid":{"rendered":"http:\/\/hgdb5641.odns.fr\/?page_id=7229"},"modified":"2022-08-13T12:42:17","modified_gmt":"2022-08-13T11:42:17","slug":"pages-mentions-legales","status":"publish","type":"page","link":"https:\/\/henry-marionnet.com\/en\/pages-mentions-legales\/","title":{"rendered":"Legal information"},"content":{"rendered":"<h6 class=\"wp-block-heading\">Propri\u00e9taire du site<\/h6>\n\n\n\n<p>Domaine de la Charmoise<br>Henry et Jean-S\u00e9bastien Marionnet<br>41230 Soings-en-Sologne<br>T\u00e9l. 33 (0) 254 987 073<\/p>\n\n\n\n<h6 class=\"wp-block-heading\">H\u00e9bergement du site<\/h6>\n\n\n\n<p>Le site henry-marionnet.com est h\u00e9berg\u00e9 chez O2Switch<br>Si\u00e8ge social : 222 Bd Gustave Flaubert, 63000 Clermont-Ferrand.<br>T\u00e9l. <a href=\"https:\/\/www.google.com\/search?client=safari&amp;rls=en&amp;q=o%C3%A9switch&amp;ie=UTF-8&amp;oe=UTF-8#\">04 44 44 60 40<\/a><\/p>\n\n\n\n<h6 class=\"wp-block-heading\">Cr\u00e9dits photos<\/h6>\n\n\n\n<p>Entreprise Domaine de la Charmoise<\/p>\n\n\n\n<h6 class=\"wp-block-heading\">Collecte d\u2019informations via un formulaire de contact<\/h6>\n\n\n\n<p>Les informations recueillies font l\u2019objet d\u2019un traitement informatique destin\u00e9 \u00e0 r\u00e9pondre \u00e0 votre demande le plus pr\u00e9cis\u00e9ment possible. Conform\u00e9ment \u00e0 la loi \u00ab informatique et libert\u00e9s \u00bb du 6 janvier 1978 modifi\u00e9e en 2004, vous b\u00e9n\u00e9ficiez d\u2019un droit d\u2019acc\u00e8s et de rectification aux informations qui vous concernent, que vous pouvez exercer en vous adressant \u00e0 henry@henry-marionnet.com. Vous pouvez \u00e9galement, pour des motifs l\u00e9gitimes, vous opposer au traitement des donn\u00e9es vous concernant.<\/p>","protected":false},"excerpt":{"rendered":"<p>Propri\u00e9taire du site Domaine de la CharmoiseHenry et Jean-S\u00e9bastien Marionnet41230 Soings-en-SologneT\u00e9l. 33 (0) 254 987 073 H\u00e9bergement du site Le site henry-marionnet.com est h\u00e9berg\u00e9 chez O2SwitchSi\u00e8ge social : 222 Bd Gustave Flaubert, 63000 Clermont-Ferrand.T\u00e9l. 04 44 44 60 40 Cr\u00e9dits photos Entreprise Domaine de la Charmoise Collecte d\u2019informations via un formulaire de contact Les informations [&hellip;]<\/p>\n","protected":false},"author":1439,"featured_media":0,"parent":0,"menu_order":0,"comment_status":"closed","ping_status":"closed","template":"","meta":{"inline_featured_image":false,"footnotes":""},"class_list":["post-7229","page","type-page","status-publish","hentry"],"yoast_head":"<!-- This site is optimized with the Yoast SEO plugin v27.4 - https:\/\/yoast.com\/product\/yoast-seo-wordpress\/ -->\n<title>Mentions l\u00e9gales - Henry Marionnet<\/title>\n<meta name=\"description\" content=\"Propri\u00e9taire du site Domaine de la CharmoiseHenry et Jean-S\u00e9bastien Marionnet41230 Soings-en-SologneT\u00e9l. 33 (0) 254 987 073 H\u00e9bergement du site Le site\" \/>\n<meta name=\"robots\" content=\"index, follow, max-snippet:-1, max-image-preview:large, max-video-preview:-1\" \/>\n<link rel=\"canonical\" href=\"https:\/\/henry-marionnet.com\/en\/pages-mentions-legales\/\" \/>\n<meta property=\"og:locale\" content=\"en_US\" \/>\n<meta property=\"og:type\" content=\"article\" \/>\n<meta property=\"og:title\" content=\"Mentions l\u00e9gales - Henry Marionnet\" \/>\n<meta property=\"og:description\" content=\"Propri\u00e9taire du site Domaine de la CharmoiseHenry et Jean-S\u00e9bastien Marionnet41230 Soings-en-SologneT\u00e9l. 33 (0) 254 987 073 H\u00e9bergement du site Le site\" \/>\n<meta property=\"og:url\" content=\"https:\/\/henry-marionnet.com\/en\/pages-mentions-legales\/\" \/>\n<meta property=\"og:site_name\" content=\"Henry Marionnet\" \/>\n<meta property=\"article:publisher\" content=\"https:\/\/www.facebook.com\/HenryMarionnet\/\" \/>\n<meta property=\"article:modified_time\" content=\"2022-08-13T11:42:17+00:00\" \/>\n<meta name=\"twitter:card\" content=\"summary_large_image\" \/>\n<meta name=\"twitter:label1\" content=\"Est. reading time\" \/>\n\t<meta name=\"twitter:data1\" content=\"1 minute\" \/>\n<script type=\"application\/ld+json\" class=\"yoast-schema-graph\">{\"@context\":\"https:\\\/\\\/schema.org\",\"@graph\":[{\"@type\":\"WebPage\",\"@id\":\"https:\\\/\\\/henry-marionnet.com\\\/pages-mentions-legales\\\/\",\"url\":\"https:\\\/\\\/henry-marionnet.com\\\/pages-mentions-legales\\\/\",\"name\":\"Mentions l\u00e9gales - Henry Marionnet\",\"isPartOf\":{\"@id\":\"https:\\\/\\\/henry-marionnet.com\\\/#website\"},\"datePublished\":\"2022-08-13T11:42:15+00:00\",\"dateModified\":\"2022-08-13T11:42:17+00:00\",\"description\":\"Propri\u00e9taire du site Domaine de la CharmoiseHenry et Jean-S\u00e9bastien Marionnet41230 Soings-en-SologneT\u00e9l. 33 (0) 254 987 073 H\u00e9bergement du site Le site\",\"breadcrumb\":{\"@id\":\"https:\\\/\\\/henry-marionnet.com\\\/pages-mentions-legales\\\/#breadcrumb\"},\"inLanguage\":\"en-US\",\"potentialAction\":[{\"@type\":\"ReadAction\",\"target\":[\"https:\\\/\\\/henry-marionnet.com\\\/pages-mentions-legales\\\/\"]}]},{\"@type\":\"BreadcrumbList\",\"@id\":\"https:\\\/\\\/henry-marionnet.com\\\/pages-mentions-legales\\\/#breadcrumb\",\"itemListElement\":[{\"@type\":\"ListItem\",\"position\":1,\"name\":\"Accueil\",\"item\":\"https:\\\/\\\/henry-marionnet.com\\\/\"},{\"@type\":\"ListItem\",\"position\":2,\"name\":\"Mentions l\u00e9gales\"}]},{\"@type\":\"WebSite\",\"@id\":\"https:\\\/\\\/henry-marionnet.com\\\/#website\",\"url\":\"https:\\\/\\\/henry-marionnet.com\\\/\",\"name\":\"Henry Marionnet\",\"description\":\"Vins du Domaine de la Charmoise\",\"publisher\":{\"@id\":\"https:\\\/\\\/henry-marionnet.com\\\/#organization\"},\"potentialAction\":[{\"@type\":\"SearchAction\",\"target\":{\"@type\":\"EntryPoint\",\"urlTemplate\":\"https:\\\/\\\/henry-marionnet.com\\\/?s={search_term_string}\"},\"query-input\":{\"@type\":\"PropertyValueSpecification\",\"valueRequired\":true,\"valueName\":\"search_term_string\"}}],\"inLanguage\":\"en-US\"},{\"@type\":\"Organization\",\"@id\":\"https:\\\/\\\/henry-marionnet.com\\\/#organization\",\"name\":\"Henry Marionnet\",\"url\":\"https:\\\/\\\/henry-marionnet.com\\\/\",\"logo\":{\"@type\":\"ImageObject\",\"inLanguage\":\"en-US\",\"@id\":\"https:\\\/\\\/henry-marionnet.com\\\/#\\\/schema\\\/logo\\\/image\\\/\",\"url\":\"https:\\\/\\\/henry-marionnet.com\\\/wp-content\\\/uploads\\\/2022\\\/07\\\/Logo-Henry-Marionnet.svg\",\"contentUrl\":\"https:\\\/\\\/henry-marionnet.com\\\/wp-content\\\/uploads\\\/2022\\\/07\\\/Logo-Henry-Marionnet.svg\",\"width\":265,\"height\":191,\"caption\":\"Henry Marionnet\"},\"image\":{\"@id\":\"https:\\\/\\\/henry-marionnet.com\\\/#\\\/schema\\\/logo\\\/image\\\/\"},\"sameAs\":[\"https:\\\/\\\/www.facebook.com\\\/HenryMarionnet\\\/\",\"https:\\\/\\\/www.instagram.com\\\/henrymarionnet\\\/\"]}]}<\/script>\n<!-- \/ Yoast SEO plugin. -->","yoast_head_json":{"title":"Mentions l\u00e9gales - Henry Marionnet","description":"Propri\u00e9taire du site Domaine de la CharmoiseHenry et Jean-S\u00e9bastien Marionnet41230 Soings-en-SologneT\u00e9l. 33 (0) 254 987 073 H\u00e9bergement du site Le site","robots":{"index":"index","follow":"follow","max-snippet":"max-snippet:-1","max-image-preview":"max-image-preview:large","max-video-preview":"max-video-preview:-1"},"canonical":"https:\/\/henry-marionnet.com\/en\/pages-mentions-legales\/","og_locale":"en_US","og_type":"article","og_title":"Mentions l\u00e9gales - Henry Marionnet","og_description":"Propri\u00e9taire du site Domaine de la CharmoiseHenry et Jean-S\u00e9bastien Marionnet41230 Soings-en-SologneT\u00e9l. 33 (0) 254 987 073 H\u00e9bergement du site Le site","og_url":"https:\/\/henry-marionnet.com\/en\/pages-mentions-legales\/","og_site_name":"Henry Marionnet","article_publisher":"https:\/\/www.facebook.com\/HenryMarionnet\/","article_modified_time":"2022-08-13T11:42:17+00:00","twitter_card":"summary_large_image","twitter_misc":{"Est. reading time":"1 minute"},"schema":{"@context":"https:\/\/schema.org","@graph":[{"@type":"WebPage","@id":"https:\/\/henry-marionnet.com\/pages-mentions-legales\/","url":"https:\/\/henry-marionnet.com\/pages-mentions-legales\/","name":"Mentions l\u00e9gales - Henry Marionnet","isPartOf":{"@id":"https:\/\/henry-marionnet.com\/#website"},"datePublished":"2022-08-13T11:42:15+00:00","dateModified":"2022-08-13T11:42:17+00:00","description":"Propri\u00e9taire du site Domaine de la CharmoiseHenry et Jean-S\u00e9bastien Marionnet41230 Soings-en-SologneT\u00e9l. 33 (0) 254 987 073 H\u00e9bergement du site Le site","breadcrumb":{"@id":"https:\/\/henry-marionnet.com\/pages-mentions-legales\/#breadcrumb"},"inLanguage":"en-US","potentialAction":[{"@type":"ReadAction","target":["https:\/\/henry-marionnet.com\/pages-mentions-legales\/"]}]},{"@type":"BreadcrumbList","@id":"https:\/\/henry-marionnet.com\/pages-mentions-legales\/#breadcrumb","itemListElement":[{"@type":"ListItem","position":1,"name":"Accueil","item":"https:\/\/henry-marionnet.com\/"},{"@type":"ListItem","position":2,"name":"Mentions l\u00e9gales"}]},{"@type":"WebSite","@id":"https:\/\/henry-marionnet.com\/#website","url":"https:\/\/henry-marionnet.com\/","name":"Henry Marionnet","description":"Vins du Domaine de la Charmoise","publisher":{"@id":"https:\/\/henry-marionnet.com\/#organization"},"potentialAction":[{"@type":"SearchAction","target":{"@type":"EntryPoint","urlTemplate":"https:\/\/henry-marionnet.com\/?s={search_term_string}"},"query-input":{"@type":"PropertyValueSpecification","valueRequired":true,"valueName":"search_term_string"}}],"inLanguage":"en-US"},{"@type":"Organization","@id":"https:\/\/henry-marionnet.com\/#organization","name":"Henry Marionnet","url":"https:\/\/henry-marionnet.com\/","logo":{"@type":"ImageObject","inLanguage":"en-US","@id":"https:\/\/henry-marionnet.com\/#\/schema\/logo\/image\/","url":"https:\/\/henry-marionnet.com\/wp-content\/uploads\/2022\/07\/Logo-Henry-Marionnet.svg","contentUrl":"https:\/\/henry-marionnet.com\/wp-content\/uploads\/2022\/07\/Logo-Henry-Marionnet.svg","width":265,"height":191,"caption":"Henry Marionnet"},"image":{"@id":"https:\/\/henry-marionnet.com\/#\/schema\/logo\/image\/"},"sameAs":["https:\/\/www.facebook.com\/HenryMarionnet\/","https:\/\/www.instagram.com\/henrymarionnet\/"]}]}},"_links":{"self":[{"href":"https:\/\/henry-marionnet.com\/en\/wp-json\/wp\/v2\/pages\/7229","targetHints":{"allow":["GET"]}}],"collection":[{"href":"https:\/\/henry-marionnet.com\/en\/wp-json\/wp\/v2\/pages"}],"about":[{"href":"https:\/\/henry-marionnet.com\/en\/wp-json\/wp\/v2\/types\/page"}],"author":[{"embeddable":true,"href":"https:\/\/henry-marionnet.com\/en\/wp-json\/wp\/v2\/users\/1439"}],"replies":[{"embeddable":true,"href":"https:\/\/henry-marionnet.com\/en\/wp-json\/wp\/v2\/comments?post=7229"}],"version-history":[{"count":1,"href":"https:\/\/henry-marionnet.com\/en\/wp-json\/wp\/v2\/pages\/7229\/revisions"}],"predecessor-version":[{"id":7230,"href":"https:\/\/henry-marionnet.com\/en\/wp-json\/wp\/v2\/pages\/7229\/revisions\/7230"}],"wp:attachment":[{"href":"https:\/\/henry-marionnet.com\/en\/wp-json\/wp\/v2\/media?parent=7229"}],"curies":[{"name":"wp","href":"https:\/\/api.w.org\/{rel}","templated":true}]}}